{"id":2417,"date":"2019-06-11T09:53:36","date_gmt":"2019-06-11T07:53:36","guid":{"rendered":"https:\/\/jardin-de-coubertin.fr\/kochen-essen\/"},"modified":"2024-12-26T08:00:20","modified_gmt":"2024-12-26T07:00:20","slug":"kochen-essen","status":"publish","type":"page","link":"https:\/\/jardin-de-coubertin.fr\/de\/startseite\/kochen-essen\/","title":{"rendered":"Kochen &amp; Essen"},"content":{"rendered":"<p>In Ihrer voll ausgestatteten K\u00fcche k\u00f6nnen Sie die exquisitesten, k\u00f6stlichsten und schmackhaftesten Gerichte selbst zubereiten. Um unter freiem Himmel zu kochen, k\u00f6nnen Sie den einfach zu bedienenden Gasgrill benutzen. Genie\u00dfen Sie die Zeit ohne zu kochen&#8230; holen Sie sich die beste Pizza aus Beziers mit einem Lieferservice oder essen Sie einfach im Stadtzentrum zu Abend&#8230; .  <\/p><!--more--><div class=\"wp-block-getwid-section alignfull alignfull has-inner-blocks-gap-none\"><div class=\"wp-block-getwid-section__wrapper getwid-padding-top-medium getwid-padding-bottom-none getwid-padding-left-medium getwid-padding-right-medium getwid-padding-mobile-left-small getwid-padding-mobile-right-small\"><div class=\"wp-block-getwid-section__inner-wrapper\"><div class=\"wp-block-getwid-section__background-holder\"><div class=\"wp-block-getwid-section__background\"><\/div><div class=\"wp-block-getwid-section__foreground\"><\/div><\/div><div class=\"wp-block-getwid-section__content\"><div class=\"wp-block-getwid-section__inner-content\"><div class=\"wp-block-getwid-image-box has-image-left has-text-left has-mobile-layout-column has-mobile-alignment-default\"><div style=\"margin-right:90px\" class=\"wp-block-getwid-image-box__image-container is-position-middle\"><div class=\"wp-block-getwid-image-box__image-wrapper\"><img loading=\"lazy\" decoding=\"async\" width=\"1920\" height=\"2560\" src=\"https:\/\/jardin-de-coubertin.fr\/wp-content\/uploads\/2019\/06\/appartement-cuisine.jpg\" alt=\"\" class=\"wp-block-getwid-image-box__image wp-image-1471\" srcset=\"https:\/\/jardin-de-coubertin.fr\/wp-content\/uploads\/2019\/06\/appartement-cuisine.jpg 1920w, https:\/\/jardin-de-coubertin.fr\/wp-content\/uploads\/2019\/06\/appartement-cuisine-225x300.jpg 225w, https:\/\/jardin-de-coubertin.fr\/wp-content\/uploads\/2019\/06\/appartement-cuisine-768x1024.jpg 768w, https:\/\/jardin-de-coubertin.fr\/wp-content\/uploads\/2019\/06\/appartement-cuisine-1152x1536.jpg 1152w, https:\/\/jardin-de-coubertin.fr\/wp-content\/uploads\/2019\/06\/appartement-cuisine-1536x2048.jpg 1536w, https:\/\/jardin-de-coubertin.fr\/wp-content\/uploads\/2019\/06\/appartement-cuisine-1170x1560.jpg 1170w, https:\/\/jardin-de-coubertin.fr\/wp-content\/uploads\/2019\/06\/appartement-cuisine-600x800.jpg 600w\" sizes=\"auto, (max-width: 1920px) 100vw, 1920px\" \/><\/div><\/div><div class=\"wp-block-getwid-image-box__content\"><div class=\"wp-block-getwid-advanced-heading\" style=\"margin-bottom:30px\"><h2 class=\"wp-block-getwid-advanced-heading__content\">Selbst kochen<br><br><\/h2><\/div>\n\n<p>Unsere K\u00fcche ist komplett ausgestattet mit Kaffeemaschine und Senseo. Vierflammiger Gasherd, Sp\u00fclmaschine, Mikrowelle und Geschirrsp\u00fcler. Sogar einen Racclette-Grill haben Sie zur Verf\u00fcgung.<\/p>\n\n<p>F\u00fcr Ihre Vorr\u00e4te gibt es einen Lidl-Supermarkt, der 3 Autominuten entfernt ist.<\/p>\n\n<div style=\"height:20px\" aria-hidden=\"true\" class=\"wp-block-spacer\"><\/div>\n\n<div class=\"wp-block-button is-style-link\"><a class=\"wp-block-button__link wp-element-button\" href=\"#\">Mehr lesen<\/a><\/div><\/div><\/div>\n\n<div class=\"wp-block-getwid-image-box has-image-right has-text-left has-mobile-layout-column has-mobile-alignment-default\"><div style=\"margin-left:90px\" class=\"wp-block-getwid-image-box__image-container is-position-middle\"><div class=\"wp-block-getwid-image-box__image-wrapper\"><img loading=\"lazy\" decoding=\"async\" width=\"2560\" height=\"1920\" src=\"https:\/\/jardin-de-coubertin.fr\/wp-content\/uploads\/2019\/06\/logo-metal.jpg\" alt=\"Jardin Coubertin logo metal\" class=\"wp-block-getwid-image-box__image wp-image-1485\" srcset=\"https:\/\/jardin-de-coubertin.fr\/wp-content\/uploads\/2019\/06\/logo-metal.jpg 2560w, https:\/\/jardin-de-coubertin.fr\/wp-content\/uploads\/2019\/06\/logo-metal-300x225.jpg 300w, https:\/\/jardin-de-coubertin.fr\/wp-content\/uploads\/2019\/06\/logo-metal-1024x768.jpg 1024w, https:\/\/jardin-de-coubertin.fr\/wp-content\/uploads\/2019\/06\/logo-metal-768x576.jpg 768w, https:\/\/jardin-de-coubertin.fr\/wp-content\/uploads\/2019\/06\/logo-metal-1536x1152.jpg 1536w, https:\/\/jardin-de-coubertin.fr\/wp-content\/uploads\/2019\/06\/logo-metal-2048x1536.jpg 2048w, https:\/\/jardin-de-coubertin.fr\/wp-content\/uploads\/2019\/06\/logo-metal-1170x878.jpg 1170w, https:\/\/jardin-de-coubertin.fr\/wp-content\/uploads\/2019\/06\/logo-metal-600x450.jpg 600w\" sizes=\"auto, (max-width: 2560px) 100vw, 2560px\" \/><\/div><\/div><div class=\"wp-block-getwid-image-box__content\"><div class=\"wp-block-getwid-advanced-heading\" style=\"margin-bottom:30px\"><h2 class=\"wp-block-getwid-advanced-heading__content\">Barbeque<br><br><\/h2><\/div>\n\n<p>F\u00fcr Ihre Bequemlichkeit haben wir uns f\u00fcr einen Gasgrill entschieden. Einfach und leise in der Anwendung und kein m\u00f6gliches Ausbreiten von Feuer in den trockenen Sommermonaten.<\/p>\n\n<div style=\"height:20px\" aria-hidden=\"true\" class=\"wp-block-spacer\"><\/div>\n\n<div class=\"wp-block-button is-style-link\"><a class=\"wp-block-button__link wp-element-button\" href=\"#\">Mehr lesen<\/a><\/div><\/div><\/div>\n\n<div class=\"wp-block-getwid-image-box has-image-left has-text-left has-mobile-layout-column has-mobile-alignment-default\"><div style=\"margin-right:90px\" class=\"wp-block-getwid-image-box__image-container is-position-middle\"><div class=\"wp-block-getwid-image-box__image-wrapper\"><img decoding=\"async\" src=\"https:\/\/themes.getmotopress.com\/luviana\/wp-content\/uploads\/sites\/27\/2019\/07\/japanise-kitchen-1024x1024.jpg\" alt=\"\" class=\"wp-block-getwid-image-box__image wp-image-587\"\/><\/div><\/div><div class=\"wp-block-getwid-image-box__content\"><div class=\"wp-block-getwid-advanced-heading\" style=\"margin-bottom:30px\"><h2 class=\"wp-block-getwid-advanced-heading__content\">Lieferservice<\/h2><\/div>\n\n<p>Wir haben uns f\u00fcr den besten Pizzaservice von Beziers entschieden. Normalerweise haben Sie innerhalb von 30 Minuten ein feines italienisches Essen.<\/p>\n\n<p>Uper eats ist ebenfalls verf\u00fcgbar&#8230;<\/p>\n\n<div style=\"height:20px\" aria-hidden=\"true\" class=\"wp-block-spacer\"><\/div>\n\n<div class=\"wp-block-button is-style-link\"><a class=\"wp-block-button__link wp-element-button\" href=\"#\">Mehr lesen<\/a><\/div><\/div><\/div>\n\n<div class=\"wp-block-getwid-image-box has-image-right has-text-left has-mobile-layout-column has-mobile-alignment-default\"><div style=\"margin-left:90px\" class=\"wp-block-getwid-image-box__image-container is-position-middle\"><div class=\"wp-block-getwid-image-box__image-wrapper\"><img decoding=\"async\" src=\"https:\/\/themes.getmotopress.com\/luviana\/wp-content\/uploads\/sites\/27\/2019\/07\/indian-kitchen-1024x1024.jpg\" alt=\"\" class=\"wp-block-getwid-image-box__image wp-image-589\"\/><\/div><\/div><div class=\"wp-block-getwid-image-box__content\"><div class=\"wp-block-getwid-advanced-heading\" style=\"margin-bottom:30px\"><h2 class=\"wp-block-getwid-advanced-heading__content\">Restaurant<br><br><\/h2><\/div>\n\n<p>Innerhalb von 20 Minuten sind Sie zu Fu\u00df im Stadtzentrum. Mit dem Auto geht es viel schneller.<\/p>\n\n<p>Dort haben Sie die volle Auswahl an feinen Restaurants.<\/p>\n\n<div style=\"height:20px\" aria-hidden=\"true\" class=\"wp-block-spacer\"><\/div>\n\n<div class=\"wp-block-button is-style-link\"><a class=\"wp-block-button__link wp-element-button\" href=\"#\">Mehr lesen<\/a><\/div><\/div><\/div><\/div><\/div><\/div><\/div><\/div>","protected":false},"excerpt":{"rendered":"<p>Verw\u00f6hnen Sie Ihre Geschmacksnerven in unserem Luviana Restaurant und der Bar. Bestellen Sie, was Sie m\u00f6chten, und unsere professionellen K\u00f6che kochen f\u00fcr Sie. Genie\u00dfen Sie Ihr Essen mit herrlicher Aussicht von der Terrasse des Restaurants.<\/p>\n","protected":false},"author":1,"featured_media":2020,"parent":2422,"menu_order":0,"comment_status":"closed","ping_status":"closed","template":"","meta":{"footnotes":""},"class_list":["post-2417","page","type-page","status-publish","has-post-thumbnail","hentry"],"_links":{"self":[{"href":"https:\/\/jardin-de-coubertin.fr\/de\/wp-json\/wp\/v2\/pages\/2417","targetHints":{"allow":["GET"]}}],"collection":[{"href":"https:\/\/jardin-de-coubertin.fr\/de\/wp-json\/wp\/v2\/pages"}],"about":[{"href":"https:\/\/jardin-de-coubertin.fr\/de\/wp-json\/wp\/v2\/types\/page"}],"author":[{"embeddable":true,"href":"https:\/\/jardin-de-coubertin.fr\/de\/wp-json\/wp\/v2\/users\/1"}],"replies":[{"embeddable":true,"href":"https:\/\/jardin-de-coubertin.fr\/de\/wp-json\/wp\/v2\/comments?post=2417"}],"version-history":[{"count":1,"href":"https:\/\/jardin-de-coubertin.fr\/de\/wp-json\/wp\/v2\/pages\/2417\/revisions"}],"predecessor-version":[{"id":2419,"href":"https:\/\/jardin-de-coubertin.fr\/de\/wp-json\/wp\/v2\/pages\/2417\/revisions\/2419"}],"up":[{"embeddable":true,"href":"https:\/\/jardin-de-coubertin.fr\/de\/wp-json\/wp\/v2\/pages\/2422"}],"wp:featuredmedia":[{"embeddable":true,"href":"https:\/\/jardin-de-coubertin.fr\/de\/wp-json\/wp\/v2\/media\/2020"}],"wp:attachment":[{"href":"https:\/\/jardin-de-coubertin.fr\/de\/wp-json\/wp\/v2\/media?parent=2417"}],"curies":[{"name":"wp","href":"https:\/\/api.w.org\/{rel}","templated":true}]}}