{"id":2430,"date":"2019-06-11T09:50:44","date_gmt":"2019-06-11T07:50:44","guid":{"rendered":"https:\/\/jardin-de-coubertin.fr\/startseite\/salut-hallo-hola\/"},"modified":"2024-12-26T08:00:22","modified_gmt":"2024-12-26T07:00:22","slug":"salut-hallo-hola","status":"publish","type":"page","link":"https:\/\/jardin-de-coubertin.fr\/de\/startseite\/salut-hallo-hola\/","title":{"rendered":"Salut. Hallo. Hola"},"content":{"rendered":"<p>Unser G\u00e4stehaus bleibt stilvoll und modern, teils im nat\u00fcrlichen, teils im industriellen Stil. Mit unserem wundersch\u00f6nen Garten und unserer authentischen Gastfreundschaft helfen wir Ihnen, Ihre Reise unvergesslich zu machen.<\/p><!--more--><div class=\"wp-block-getwid-section alignfull alignfull getwid-margin-top-none getwid-margin-bottom-none\"><div class=\"wp-block-getwid-section__wrapper getwid-padding-top-medium getwid-padding-bottom-none getwid-padding-left-medium getwid-padding-right-medium getwid-padding-mobile-left-small getwid-padding-mobile-right-small\"><div class=\"wp-block-getwid-section__inner-wrapper\"><div class=\"wp-block-getwid-section__background-holder\"><div class=\"wp-block-getwid-section__background\"><\/div><div class=\"wp-block-getwid-section__foreground\"><\/div><\/div><div class=\"wp-block-getwid-section__content\"><div class=\"wp-block-getwid-section__inner-content\"><div class=\"wp-block-columns has-2-columns is-layout-flex wp-container-core-columns-is-layout-1 wp-block-columns-is-layout-flex\"><div class=\"wp-block-column is-layout-flow wp-block-column-is-layout-flow\"><div class=\"wp-block-getwid-advanced-heading is-style-style-1 has-custom-font-size\" style=\"font-size:12px;margin-bottom:20px\"><p class=\"wp-block-getwid-advanced-heading__content\" style=\"letter-spacing:1px\">KOMFORT AUF H\u00d6CHSTEM NIVEAU<\/p><\/div>\n\n<div class=\"wp-block-getwid-advanced-heading is-style-default\"><h2 class=\"wp-block-getwid-advanced-heading__content\">Willkommen im Jardin de Coubertin<\/h2><\/div><\/div>\n\n<div class=\"wp-block-column is-layout-flow wp-block-column-is-layout-flow\"><p>Das G\u00e4stehaus verf\u00fcgt \u00fcber einen gro\u00dfen Garten, in dem Sie unter alten B\u00e4umen im Schatten sitzen oder die Sonne auf unserer gro\u00dfen Sonnenliege genie\u00dfen k\u00f6nnen. Sie haben verschiedene Sitzecken, in denen Sie sich entspannen und in den bevorstehenden Morgen eines neuen wunderbaren Tages in der Atmosph\u00e4re des mediterranen Alltags eintauchen k\u00f6nnen. Nur wenige Schritte entfernt, \u00fcber die k\u00fcrzlich renovierte alte Br\u00fccke &#8222;Pont vieux&#8220;, ben\u00f6tigen Sie 20 Minuten zu Fu\u00df, um durch den Durchgang unter der Kathedrale in das historische Stadtzentrum zu gelangen. Oben angekommen, haben Sie einen herrlichen Blick \u00fcber das untere Beziers und den Fluss Orb. Die Allee Paul Riquet l\u00e4dt Sie ein, unter den riesigen Platanenb\u00e4umen zu sitzen und das mediterrane Klima inmitten der \u00e4ltesten Stadt Frankreichs zu genie\u00dfen.<\/p><\/div><\/div>\n\n<div style=\"height:50px\" aria-hidden=\"true\" class=\"wp-block-spacer\"><\/div>\n\n<div class=\"wp-block-columns has-2-columns is-layout-flex wp-container-core-columns-is-layout-2 wp-block-columns-is-layout-flex\"><div class=\"wp-block-column is-layout-flow wp-block-column-is-layout-flow\"><figure class=\"wp-block-image size-large\"><img loading=\"lazy\" decoding=\"async\" width=\"1024\" height=\"768\" src=\"https:\/\/jardin-de-coubertin.fr\/wp-content\/uploads\/2023\/08\/IMG_20220505_103456-1024x768.jpg\" alt=\"\" class=\"wp-image-1145\" srcset=\"https:\/\/jardin-de-coubertin.fr\/wp-content\/uploads\/2023\/08\/IMG_20220505_103456-1024x768.jpg 1024w, https:\/\/jardin-de-coubertin.fr\/wp-content\/uploads\/2023\/08\/IMG_20220505_103456-300x225.jpg 300w, https:\/\/jardin-de-coubertin.fr\/wp-content\/uploads\/2023\/08\/IMG_20220505_103456-768x576.jpg 768w, https:\/\/jardin-de-coubertin.fr\/wp-content\/uploads\/2023\/08\/IMG_20220505_103456-1536x1152.jpg 1536w, https:\/\/jardin-de-coubertin.fr\/wp-content\/uploads\/2023\/08\/IMG_20220505_103456-2048x1536.jpg 2048w, https:\/\/jardin-de-coubertin.fr\/wp-content\/uploads\/2023\/08\/IMG_20220505_103456-1170x878.jpg 1170w, https:\/\/jardin-de-coubertin.fr\/wp-content\/uploads\/2023\/08\/IMG_20220505_103456-600x450.jpg 600w\" sizes=\"auto, (max-width: 1024px) 100vw, 1024px\" \/><\/figure><\/div>\n\n<div class=\"wp-block-column is-layout-flow wp-block-column-is-layout-flow\"><figure class=\"wp-block-image size-large\"><img loading=\"lazy\" decoding=\"async\" width=\"1024\" height=\"768\" src=\"https:\/\/jardin-de-coubertin.fr\/wp-content\/uploads\/2019\/06\/velux-cabrio-ouvert-1024x768.jpg\" alt=\"Jardin Coubertin Velux Cabrio\" class=\"wp-image-1488\" srcset=\"https:\/\/jardin-de-coubertin.fr\/wp-content\/uploads\/2019\/06\/velux-cabrio-ouvert-1024x768.jpg 1024w, https:\/\/jardin-de-coubertin.fr\/wp-content\/uploads\/2019\/06\/velux-cabrio-ouvert-300x225.jpg 300w, https:\/\/jardin-de-coubertin.fr\/wp-content\/uploads\/2019\/06\/velux-cabrio-ouvert-768x576.jpg 768w, https:\/\/jardin-de-coubertin.fr\/wp-content\/uploads\/2019\/06\/velux-cabrio-ouvert-1536x1152.jpg 1536w, https:\/\/jardin-de-coubertin.fr\/wp-content\/uploads\/2019\/06\/velux-cabrio-ouvert-2048x1536.jpg 2048w, https:\/\/jardin-de-coubertin.fr\/wp-content\/uploads\/2019\/06\/velux-cabrio-ouvert-1170x878.jpg 1170w, https:\/\/jardin-de-coubertin.fr\/wp-content\/uploads\/2019\/06\/velux-cabrio-ouvert-600x450.jpg 600w\" sizes=\"auto, (max-width: 1024px) 100vw, 1024px\" \/><\/figure><\/div><\/div><\/div><\/div><\/div><\/div><\/div>","protected":false},"excerpt":{"rendered":"<p>Unser G\u00e4stehaus ist die richtige Wahl f\u00fcr Besucher, die auf der Suche nach einer Kombination aus Charme, Ruhe und einer g\u00fcnstigen Lage sind, von der aus Sie die Umgebung erkunden k\u00f6nnen.<\/p>\n","protected":false},"author":1,"featured_media":2215,"parent":2422,"menu_order":0,"comment_status":"closed","ping_status":"closed","template":"","meta":{"footnotes":""},"class_list":["post-2430","page","type-page","status-publish","has-post-thumbnail","hentry"],"_links":{"self":[{"href":"https:\/\/jardin-de-coubertin.fr\/de\/wp-json\/wp\/v2\/pages\/2430","targetHints":{"allow":["GET"]}}],"collection":[{"href":"https:\/\/jardin-de-coubertin.fr\/de\/wp-json\/wp\/v2\/pages"}],"about":[{"href":"https:\/\/jardin-de-coubertin.fr\/de\/wp-json\/wp\/v2\/types\/page"}],"author":[{"embeddable":true,"href":"https:\/\/jardin-de-coubertin.fr\/de\/wp-json\/wp\/v2\/users\/1"}],"replies":[{"embeddable":true,"href":"https:\/\/jardin-de-coubertin.fr\/de\/wp-json\/wp\/v2\/comments?post=2430"}],"version-history":[{"count":1,"href":"https:\/\/jardin-de-coubertin.fr\/de\/wp-json\/wp\/v2\/pages\/2430\/revisions"}],"predecessor-version":[{"id":2431,"href":"https:\/\/jardin-de-coubertin.fr\/de\/wp-json\/wp\/v2\/pages\/2430\/revisions\/2431"}],"up":[{"embeddable":true,"href":"https:\/\/jardin-de-coubertin.fr\/de\/wp-json\/wp\/v2\/pages\/2422"}],"wp:featuredmedia":[{"embeddable":true,"href":"https:\/\/jardin-de-coubertin.fr\/de\/wp-json\/wp\/v2\/media\/2215"}],"wp:attachment":[{"href":"https:\/\/jardin-de-coubertin.fr\/de\/wp-json\/wp\/v2\/media?parent=2430"}],"curies":[{"name":"wp","href":"https:\/\/api.w.org\/{rel}","templated":true}]}}