{"id":2469,"date":"2019-07-15T11:54:24","date_gmt":"2019-07-15T09:54:24","guid":{"rendered":"https:\/\/jardin-de-coubertin.fr\/ueber-chalet-beziers\/"},"modified":"2024-12-26T08:02:46","modified_gmt":"2024-12-26T07:02:46","slug":"ueber-chalet-beziers","status":"publish","type":"page","link":"https:\/\/jardin-de-coubertin.fr\/de\/ueber-chalet-beziers\/","title":{"rendered":"\u00dcber &#8222;Chalet Beziers&#8220;"},"content":{"rendered":"<p><\/p><p>Es ist ein komfortables Holzhaus. Unser Personal bietet einen aufmerksamen und hochwertigen Service und ist immer bereit, den G\u00e4sten zu helfen.<\/p><p>Das &#8222;Chalet&#8220; hat einen eigenen Garten, in dem Sie an sonnigen Tagen unter einem alten Akazienbaum sitzen und den Schatten genie\u00dfen k\u00f6nnen. Sie verf\u00fcgen \u00fcber eine Sitzecke, in der Sie sich entspannen und in der Atmosph\u00e4re des mediterranen Alltags in den kommenden Morgen eines neuen wunderbaren Tages eintauchen k\u00f6nnen. Nur ein paar Schritte entfernt, \u00fcber die k\u00fcrzlich renovierte alte Br\u00fccke &#8222;Pont vieux&#8220;, sind Sie in 20 Minuten im historischen Stadtzentrum durch den Durchgang unter der Kathedrale. Oben angekommen, haben Sie einen herrlichen Blick \u00fcber das untere Beziers und den Fluss Orb. Die Allee Paul Riquet l\u00e4dt Sie ein, unter den riesigen Platanenb\u00e4umen zu sitzen und das mediterrane Klima inmitten der \u00e4ltesten Stadt Frankreichs zu genie\u00dfen.<\/p><figure class=\"wp-block-image size-large\"><a href=\"https:\/\/chalet-beziers.fr\"><img loading=\"lazy\" decoding=\"async\" width=\"1024\" height=\"769\" src=\"https:\/\/jardin-de-coubertin.fr\/wp-content\/uploads\/2023\/08\/chalet-beziers-cour-long-1024x769.jpg\" alt=\"\" class=\"wp-image-1427\" srcset=\"https:\/\/jardin-de-coubertin.fr\/wp-content\/uploads\/2023\/08\/chalet-beziers-cour-long-1024x769.jpg 1024w, https:\/\/jardin-de-coubertin.fr\/wp-content\/uploads\/2023\/08\/chalet-beziers-cour-long-300x225.jpg 300w, https:\/\/jardin-de-coubertin.fr\/wp-content\/uploads\/2023\/08\/chalet-beziers-cour-long-768x577.jpg 768w, https:\/\/jardin-de-coubertin.fr\/wp-content\/uploads\/2023\/08\/chalet-beziers-cour-long-1536x1154.jpg 1536w, https:\/\/jardin-de-coubertin.fr\/wp-content\/uploads\/2023\/08\/chalet-beziers-cour-long-2048x1538.jpg 2048w, https:\/\/jardin-de-coubertin.fr\/wp-content\/uploads\/2023\/08\/chalet-beziers-cour-long-1170x879.jpg 1170w, https:\/\/jardin-de-coubertin.fr\/wp-content\/uploads\/2023\/08\/chalet-beziers-cour-long-600x451.jpg 600w\" sizes=\"auto, (max-width: 1024px) 100vw, 1024px\" \/><\/a><\/figure><h5 class=\"wp-block-heading\">Das &#8222;Chalet&#8220;<\/h5><p>Rund um das Haus haben Sie Ihren eigenen privaten Bereich vor Ihrem eigenen kostenlosen Parkplatz.<\/p><figure class=\"wp-block-image size-large\"><a href=\"https:\/\/chalet-beziers.fr\"><img loading=\"lazy\" decoding=\"async\" width=\"1024\" height=\"769\" src=\"https:\/\/jardin-de-coubertin.fr\/wp-content\/uploads\/2023\/08\/chalet-beziers-jardin-arbre-1024x769.jpg\" alt=\"\" class=\"wp-image-1430\" srcset=\"https:\/\/jardin-de-coubertin.fr\/wp-content\/uploads\/2023\/08\/chalet-beziers-jardin-arbre-1024x769.jpg 1024w, https:\/\/jardin-de-coubertin.fr\/wp-content\/uploads\/2023\/08\/chalet-beziers-jardin-arbre-300x225.jpg 300w, https:\/\/jardin-de-coubertin.fr\/wp-content\/uploads\/2023\/08\/chalet-beziers-jardin-arbre-768x577.jpg 768w, https:\/\/jardin-de-coubertin.fr\/wp-content\/uploads\/2023\/08\/chalet-beziers-jardin-arbre-1536x1154.jpg 1536w, https:\/\/jardin-de-coubertin.fr\/wp-content\/uploads\/2023\/08\/chalet-beziers-jardin-arbre-2048x1538.jpg 2048w, https:\/\/jardin-de-coubertin.fr\/wp-content\/uploads\/2023\/08\/chalet-beziers-jardin-arbre-1170x879.jpg 1170w, https:\/\/jardin-de-coubertin.fr\/wp-content\/uploads\/2023\/08\/chalet-beziers-jardin-arbre-600x451.jpg 600w\" sizes=\"auto, (max-width: 1024px) 100vw, 1024px\" \/><\/a><\/figure><h5 class=\"wp-block-heading\">Ihr privater Garten<\/h5><p>Wundersch\u00f6n&#8230; mit vielen M\u00f6glichkeiten, in der Sonne oder im Schatten zu sitzen oder ein BBQ zu machen.<\/p><figure class=\"wp-block-image size-large\"><a href=\"https:\/\/chalet-beziers.fr\"><img decoding=\"async\" src=\"https:\/\/jardin-de-coubertin.fr\/wp-content\/uploads\/2024\/11\/CHsaloncoin-1024x768.jpg\" alt=\"\" class=\"wp-image-1524\"\/><\/a><\/figure><h5 class=\"wp-block-heading\">Im Inneren des &#8222;Chalets&#8220;<\/h5><p>Ger\u00e4umiges Wohnzimmer mit K\u00fcche, zwei Schlafzimmern und Badezimmer.<\/p><div style=\"height:50px\" aria-hidden=\"true\" class=\"wp-block-spacer\"><\/div>","protected":false},"excerpt":{"rendered":"<p>Es ist ein komfortables Holzhaus. Unser Personal bietet einen aufmerksamen und hochwertigen Service und ist immer bereit, den G\u00e4sten zu helfen. Das &#8222;Chalet&#8220; hat einen eigenen Garten, in dem Sie an sonnigen Tagen unter einem alten Akazienbaum sitzen und den Schatten genie\u00dfen k\u00f6nnen. Sie verf\u00fcgen \u00fcber eine Sitzecke, in der Sie sich entspannen und in [&hellip;]<\/p>\n","protected":false},"author":1,"featured_media":0,"parent":0,"menu_order":0,"comment_status":"closed","ping_status":"closed","template":"","meta":{"footnotes":""},"class_list":["post-2469","page","type-page","status-publish","hentry"],"_links":{"self":[{"href":"https:\/\/jardin-de-coubertin.fr\/de\/wp-json\/wp\/v2\/pages\/2469","targetHints":{"allow":["GET"]}}],"collection":[{"href":"https:\/\/jardin-de-coubertin.fr\/de\/wp-json\/wp\/v2\/pages"}],"about":[{"href":"https:\/\/jardin-de-coubertin.fr\/de\/wp-json\/wp\/v2\/types\/page"}],"author":[{"embeddable":true,"href":"https:\/\/jardin-de-coubertin.fr\/de\/wp-json\/wp\/v2\/users\/1"}],"replies":[{"embeddable":true,"href":"https:\/\/jardin-de-coubertin.fr\/de\/wp-json\/wp\/v2\/comments?post=2469"}],"version-history":[{"count":1,"href":"https:\/\/jardin-de-coubertin.fr\/de\/wp-json\/wp\/v2\/pages\/2469\/revisions"}],"predecessor-version":[{"id":2470,"href":"https:\/\/jardin-de-coubertin.fr\/de\/wp-json\/wp\/v2\/pages\/2469\/revisions\/2470"}],"wp:attachment":[{"href":"https:\/\/jardin-de-coubertin.fr\/de\/wp-json\/wp\/v2\/media?parent=2469"}],"curies":[{"name":"wp","href":"https:\/\/api.w.org\/{rel}","templated":true}]}}