{"id":2483,"date":"2019-06-12T11:59:52","date_gmt":"2019-06-12T09:59:52","guid":{"rendered":"https:\/\/jardin-de-coubertin.fr\/bedingungen-konditionen\/"},"modified":"2024-12-26T08:02:44","modified_gmt":"2024-12-26T07:02:44","slug":"bedingungen-konditionen","status":"publish","type":"page","link":"https:\/\/jardin-de-coubertin.fr\/de\/bedingungen-konditionen\/","title":{"rendered":"Bedingungen &amp; Konditionen"},"content":{"rendered":"<p>LE PRIX DE LA LOCATION<\/p><p>Inklusive: Wasser, Strom und Gas sowie Wifi.<\/p><p>NUTZUNG DES GEL\u00c4NDES<\/p><p>Le locataire fera bon usage de la location conform\u00e9ment \u00e0 la destination des lieux. Bei seiner Abreise ist der Vermieter bem\u00fcht, das Haus genauso sch\u00f6n zu machen, wie er es bei seiner Ankunft vorgefunden hat. Der Standort kann in keinem Fall von einem Tier profitieren, es sei denn, Sie stimmen mit dem Eigent\u00fcmer \u00fcberein. Wenn die Anzahl der G\u00e4ste die in der Beschreibung angegebene Aufnahmekapazit\u00e4t \u00fcbersteigt, beh\u00e4lt sich der Eigent\u00fcmer ohne vorherige Absprache das Recht vor, die zus\u00e4tzlichen G\u00e4ste abzulehnen oder einen Zuschlag zu erhalten.<\/p><p>ANIMAUX<\/p><p>Das Vorhandensein von Familientieren, trotz der Weigerung des Eigent\u00fcmers, f\u00fchrt zu einem sofortigen Abbruch des vorliegenden Vertrags.<\/p><p>CHARGES<\/p><p>Die Kosten f\u00fcr die Reinigung betragen im Allgemeinen 25\u20ac pro Aufenthalt. Alle anderen Kosten sind im Preis f\u00fcr den Standort enthalten.<\/p><p>TAXE DE SEJOUR<\/p><p>Die Kurtaxe ist im Preis der Unterkunft inbegriffen.<\/p><p>ETAT DES LIEUX ET INVENTAIRE<\/p><p>Der Zustand und die Ausstattung des Mobiliars und diverser Ger\u00e4te werden zu Beginn und am Ende des Aufenthalts vom Eigent\u00fcmer und dem Vermieter widerspr\u00fcchlich angegeben.<\/p><p>DEPOT DE GARANTIE (VORSICHT)<\/p><p>Der Betrag der Garantie wird vom Eigent\u00fcmer festgelegt, aber in der Regel nicht erhoben. A votre arrive une copie de la carte d identite de toutes les personnes serais necessaire.  <\/p><p>PAIEMENT<\/p><p>Die Reservierung tritt in Kraft, sobald der Gast den Gesamtbetrag der Reservierung bezahlt hat oder eine g\u00fcltige Kreditkarte f\u00fcr eine eventuelle Aufladung der Reservierungsgeb\u00fchr registriert hat. Der Preis f\u00fcr den Standort muss reguliert werden, wenn er nicht im Voraus am Tag der Ankunft mit Kreditkarte oder Paypal (plus 3%) bezahlt wird. Wenn der Mieter seine Ankunft verschiebt, muss er den Vermieter benachrichtigen und die Miete f\u00fcr das urspr\u00fcnglich vorgesehene Datum des Aufenthalts zur\u00fcckgeben.<\/p><p>INTERRUPTION DU SEJOUR :<\/p><p>Im Falle einer vorzeitigen Unterbrechung des Aufenthalts durch den Vermieter und wenn die Verantwortung des Vermieters nicht gekl\u00e4rt ist, erh\u00e4lt er keine Entsch\u00e4digung (d.h. keine Garantieleistung).<\/p><p>BEDINGUNGEN D ANNULATION :<\/p><p>Jede Annullierung muss per Internet \u00fcber die Reservierungsmaschine oder per Telefon und schriftlich per Post oder E-Mail mitgeteilt werden. Si l annulation est possible depend les conditions d annulation mentionne sur votre confirmation de reservation. Im Falle einer erneuten K\u00fcndigung wird der gezahlte Betrag ganz oder teilweise zur\u00fcckerstattet, abh\u00e4ngig von den K\u00fcndigungsbedingungen.<\/p><p>Wenn der Mieter an dem im Vertrag genannten Tag vor 22:00 Uhr und ohne Benachrichtigung des Vermieters nicht anwesend ist, wird der Betrag aus dem vorliegenden Vertrag vollst\u00e4ndig berechnet und der Vermieter kann \u00fcber den Mietgegenstand verf\u00fcgen. Im Falle einer Annullierung des Standorts durch den Eigent\u00fcmer, wird dieser die von ihm ermittelte H\u00f6he der Geb\u00fchren an den Betreiber zur\u00fcckzahlen.<\/p><p>RECHTSSTREITIGKEITEN ODER REKLAMATIONEN<\/p><p>Wir raten Ihnen, einen Versuch einer vern\u00fcnftigen Regelung zu starten. Nach einer Absprache zwischen dem Eigent\u00fcmer und dem Einheimischen kann jeder Rechtsstreit vor den \u00f6rtlichen Gerichten ausgetragen werden.<\/p>","protected":false},"excerpt":{"rendered":"<p>LE PRIX DE LA LOCATION Inklusive: Wasser, Strom und Gas sowie Wifi. NUTZUNG DES GEL\u00c4NDES Le locataire fera bon usage de la location conform\u00e9ment \u00e0 la destination des lieux. Bei seiner Abreise ist der Vermieter bem\u00fcht, das Haus genauso sch\u00f6n zu machen, wie er es bei seiner Ankunft vorgefunden hat. Der Standort kann in keinem [&hellip;]<\/p>\n","protected":false},"author":1,"featured_media":0,"parent":0,"menu_order":0,"comment_status":"closed","ping_status":"closed","template":"","meta":{"footnotes":""},"class_list":["post-2483","page","type-page","status-publish","hentry"],"_links":{"self":[{"href":"https:\/\/jardin-de-coubertin.fr\/de\/wp-json\/wp\/v2\/pages\/2483","targetHints":{"allow":["GET"]}}],"collection":[{"href":"https:\/\/jardin-de-coubertin.fr\/de\/wp-json\/wp\/v2\/pages"}],"about":[{"href":"https:\/\/jardin-de-coubertin.fr\/de\/wp-json\/wp\/v2\/types\/page"}],"author":[{"embeddable":true,"href":"https:\/\/jardin-de-coubertin.fr\/de\/wp-json\/wp\/v2\/users\/1"}],"replies":[{"embeddable":true,"href":"https:\/\/jardin-de-coubertin.fr\/de\/wp-json\/wp\/v2\/comments?post=2483"}],"version-history":[{"count":1,"href":"https:\/\/jardin-de-coubertin.fr\/de\/wp-json\/wp\/v2\/pages\/2483\/revisions"}],"predecessor-version":[{"id":2486,"href":"https:\/\/jardin-de-coubertin.fr\/de\/wp-json\/wp\/v2\/pages\/2483\/revisions\/2486"}],"wp:attachment":[{"href":"https:\/\/jardin-de-coubertin.fr\/de\/wp-json\/wp\/v2\/media?parent=2483"}],"curies":[{"name":"wp","href":"https:\/\/api.w.org\/{rel}","templated":true}]}}