{"id":2410,"date":"2019-06-11T09:53:36","date_gmt":"2019-06-11T07:53:36","guid":{"rendered":"https:\/\/jardin-de-coubertin.fr\/cocinar-y-comer\/"},"modified":"2024-12-26T07:59:40","modified_gmt":"2024-12-26T06:59:40","slug":"cocinar-y-comer","status":"publish","type":"page","link":"https:\/\/jardin-de-coubertin.fr\/es\/inicio\/cocinar-y-comer\/","title":{"rendered":"Cocinar y comer"},"content":{"rendered":"<p>En su cocina totalmente equipada podr\u00e1s preparar t\u00fa mismo los platos m\u00e1s exquisitos, deliciosos y apetitosos. Para cocinar a cielo abierto puedes utilizar la barbacoa de gas, f\u00e1cil de usar. Disfruta del tiempo sin cocinar&#8230; consigue la mejor pizza de Beziers con un servicio de entrega a domicilio o simplemente cena fuera en el centro de la ciudad&#8230; .  <\/p><!--more--><div class=\"wp-block-getwid-section alignfull alignfull has-inner-blocks-gap-none\"><div class=\"wp-block-getwid-section__wrapper getwid-padding-top-medium getwid-padding-bottom-none getwid-padding-left-medium getwid-padding-right-medium getwid-padding-mobile-left-small getwid-padding-mobile-right-small\"><div class=\"wp-block-getwid-section__inner-wrapper\"><div class=\"wp-block-getwid-section__background-holder\"><div class=\"wp-block-getwid-section__background\"><\/div><div class=\"wp-block-getwid-section__foreground\"><\/div><\/div><div class=\"wp-block-getwid-section__content\"><div class=\"wp-block-getwid-section__inner-content\"><div class=\"wp-block-getwid-image-box has-image-left has-text-left has-mobile-layout-column has-mobile-alignment-default\"><div style=\"margin-right:90px\" class=\"wp-block-getwid-image-box__image-container is-position-middle\"><div class=\"wp-block-getwid-image-box__image-wrapper\"><img loading=\"lazy\" decoding=\"async\" width=\"1920\" height=\"2560\" src=\"https:\/\/jardin-de-coubertin.fr\/wp-content\/uploads\/2019\/06\/appartement-cuisine.jpg\" alt=\"\" class=\"wp-block-getwid-image-box__image wp-image-1471\" srcset=\"https:\/\/jardin-de-coubertin.fr\/wp-content\/uploads\/2019\/06\/appartement-cuisine.jpg 1920w, https:\/\/jardin-de-coubertin.fr\/wp-content\/uploads\/2019\/06\/appartement-cuisine-225x300.jpg 225w, https:\/\/jardin-de-coubertin.fr\/wp-content\/uploads\/2019\/06\/appartement-cuisine-768x1024.jpg 768w, https:\/\/jardin-de-coubertin.fr\/wp-content\/uploads\/2019\/06\/appartement-cuisine-1152x1536.jpg 1152w, https:\/\/jardin-de-coubertin.fr\/wp-content\/uploads\/2019\/06\/appartement-cuisine-1536x2048.jpg 1536w, https:\/\/jardin-de-coubertin.fr\/wp-content\/uploads\/2019\/06\/appartement-cuisine-1170x1560.jpg 1170w, https:\/\/jardin-de-coubertin.fr\/wp-content\/uploads\/2019\/06\/appartement-cuisine-600x800.jpg 600w\" sizes=\"auto, (max-width: 1920px) 100vw, 1920px\" \/><\/div><\/div><div class=\"wp-block-getwid-image-box__content\"><div class=\"wp-block-getwid-advanced-heading\" style=\"margin-bottom:30px\"><h2 class=\"wp-block-getwid-advanced-heading__content\">Autococci\u00f3n<br><br><\/h2><\/div>\n\n<p>Nuestra cocina est\u00e1 totalmente equipada con cafetera normal y Senseo. Horno de gas de cuatro fuegos, lavavajillas, microondas y lavavajillas. Incluso una Racclette grill que tengas disponible.<\/p>\n\n<p>Para tus provisiones hay un supermercado Lidl a 3 minutos en coche.<\/p>\n\n<div style=\"height:20px\" aria-hidden=\"true\" class=\"wp-block-spacer\"><\/div>\n\n<div class=\"wp-block-button is-style-link\"><a class=\"wp-block-button__link wp-element-button\" href=\"#\">Sigue leyendo<\/a><\/div><\/div><\/div>\n\n<div class=\"wp-block-getwid-image-box has-image-right has-text-left has-mobile-layout-column has-mobile-alignment-default\"><div style=\"margin-left:90px\" class=\"wp-block-getwid-image-box__image-container is-position-middle\"><div class=\"wp-block-getwid-image-box__image-wrapper\"><img loading=\"lazy\" decoding=\"async\" width=\"2560\" height=\"1920\" src=\"https:\/\/jardin-de-coubertin.fr\/wp-content\/uploads\/2019\/06\/logo-metal.jpg\" alt=\"Jardin Coubertin logo metal\" class=\"wp-block-getwid-image-box__image wp-image-1485\" srcset=\"https:\/\/jardin-de-coubertin.fr\/wp-content\/uploads\/2019\/06\/logo-metal.jpg 2560w, https:\/\/jardin-de-coubertin.fr\/wp-content\/uploads\/2019\/06\/logo-metal-300x225.jpg 300w, https:\/\/jardin-de-coubertin.fr\/wp-content\/uploads\/2019\/06\/logo-metal-1024x768.jpg 1024w, https:\/\/jardin-de-coubertin.fr\/wp-content\/uploads\/2019\/06\/logo-metal-768x576.jpg 768w, https:\/\/jardin-de-coubertin.fr\/wp-content\/uploads\/2019\/06\/logo-metal-1536x1152.jpg 1536w, https:\/\/jardin-de-coubertin.fr\/wp-content\/uploads\/2019\/06\/logo-metal-2048x1536.jpg 2048w, https:\/\/jardin-de-coubertin.fr\/wp-content\/uploads\/2019\/06\/logo-metal-1170x878.jpg 1170w, https:\/\/jardin-de-coubertin.fr\/wp-content\/uploads\/2019\/06\/logo-metal-600x450.jpg 600w\" sizes=\"auto, (max-width: 2560px) 100vw, 2560px\" \/><\/div><\/div><div class=\"wp-block-getwid-image-box__content\"><div class=\"wp-block-getwid-advanced-heading\" style=\"margin-bottom:30px\"><h2 class=\"wp-block-getwid-advanced-heading__content\">Barbacoa<br><br><\/h2><\/div>\n\n<p>Para tu comodidad, hemos elegido una barbacoa de gas. F\u00e1cil y silencioso de usar y sin posibilidad de propagaci\u00f3n de incendios en el seco mes de verano.<\/p>\n\n<div style=\"height:20px\" aria-hidden=\"true\" class=\"wp-block-spacer\"><\/div>\n\n<div class=\"wp-block-button is-style-link\"><a class=\"wp-block-button__link wp-element-button\" href=\"#\">Sigue leyendo<\/a><\/div><\/div><\/div>\n\n<div class=\"wp-block-getwid-image-box has-image-left has-text-left has-mobile-layout-column has-mobile-alignment-default\"><div style=\"margin-right:90px\" class=\"wp-block-getwid-image-box__image-container is-position-middle\"><div class=\"wp-block-getwid-image-box__image-wrapper\"><img decoding=\"async\" src=\"https:\/\/themes.getmotopress.com\/luviana\/wp-content\/uploads\/sites\/27\/2019\/07\/japanise-kitchen-1024x1024.jpg\" alt=\"\" class=\"wp-block-getwid-image-box__image wp-image-587\"\/><\/div><\/div><div class=\"wp-block-getwid-image-box__content\"><div class=\"wp-block-getwid-advanced-heading\" style=\"margin-bottom:30px\"><h2 class=\"wp-block-getwid-advanced-heading__content\">Servicio de entrega<\/h2><\/div>\n\n<p>Hemos elegido el mejor servicio de pizzas de Beziers. Normalmente, en 30 minutos tienes una buena comida italiana.<\/p>\n\n<p>Uper come tambi\u00e9n est\u00e1 disponible&#8230;<\/p>\n\n<div style=\"height:20px\" aria-hidden=\"true\" class=\"wp-block-spacer\"><\/div>\n\n<div class=\"wp-block-button is-style-link\"><a class=\"wp-block-button__link wp-element-button\" href=\"#\">Sigue leyendo<\/a><\/div><\/div><\/div>\n\n<div class=\"wp-block-getwid-image-box has-image-right has-text-left has-mobile-layout-column has-mobile-alignment-default\"><div style=\"margin-left:90px\" class=\"wp-block-getwid-image-box__image-container is-position-middle\"><div class=\"wp-block-getwid-image-box__image-wrapper\"><img decoding=\"async\" src=\"https:\/\/themes.getmotopress.com\/luviana\/wp-content\/uploads\/sites\/27\/2019\/07\/indian-kitchen-1024x1024.jpg\" alt=\"\" class=\"wp-block-getwid-image-box__image wp-image-589\"\/><\/div><\/div><div class=\"wp-block-getwid-image-box__content\"><div class=\"wp-block-getwid-advanced-heading\" style=\"margin-bottom:30px\"><h2 class=\"wp-block-getwid-advanced-heading__content\">Restaurante<br><br><\/h2><\/div>\n\n<p>En 20 minutos est\u00e1s en el centro de la ciudad a pie. Mucho m\u00e1s r\u00e1pido en coche.<\/p>\n\n<p>All\u00ed tienes toda la oferta de restaurantes de lujo.<\/p>\n\n<div style=\"height:20px\" aria-hidden=\"true\" class=\"wp-block-spacer\"><\/div>\n\n<div class=\"wp-block-button is-style-link\"><a class=\"wp-block-button__link wp-element-button\" href=\"#\">Sigue leyendo<\/a><\/div><\/div><\/div><\/div><\/div><\/div><\/div><\/div>","protected":false},"excerpt":{"rendered":"<p>Deleita tu paladar en nuestro restaurante y bar Luviana. Pide lo que quieras y nuestros chefs profesionales cocinar\u00e1n para ti. Disfruta de tu comida con maravillosas vistas desde la terraza del restaurante.<\/p>\n","protected":false},"author":1,"featured_media":2021,"parent":2418,"menu_order":0,"comment_status":"closed","ping_status":"closed","template":"","meta":{"footnotes":""},"class_list":["post-2410","page","type-page","status-publish","has-post-thumbnail","hentry"],"_links":{"self":[{"href":"https:\/\/jardin-de-coubertin.fr\/es\/wp-json\/wp\/v2\/pages\/2410","targetHints":{"allow":["GET"]}}],"collection":[{"href":"https:\/\/jardin-de-coubertin.fr\/es\/wp-json\/wp\/v2\/pages"}],"about":[{"href":"https:\/\/jardin-de-coubertin.fr\/es\/wp-json\/wp\/v2\/types\/page"}],"author":[{"embeddable":true,"href":"https:\/\/jardin-de-coubertin.fr\/es\/wp-json\/wp\/v2\/users\/1"}],"replies":[{"embeddable":true,"href":"https:\/\/jardin-de-coubertin.fr\/es\/wp-json\/wp\/v2\/comments?post=2410"}],"version-history":[{"count":1,"href":"https:\/\/jardin-de-coubertin.fr\/es\/wp-json\/wp\/v2\/pages\/2410\/revisions"}],"predecessor-version":[{"id":2411,"href":"https:\/\/jardin-de-coubertin.fr\/es\/wp-json\/wp\/v2\/pages\/2410\/revisions\/2411"}],"up":[{"embeddable":true,"href":"https:\/\/jardin-de-coubertin.fr\/es\/wp-json\/wp\/v2\/pages\/2418"}],"wp:featuredmedia":[{"embeddable":true,"href":"https:\/\/jardin-de-coubertin.fr\/es\/wp-json\/wp\/v2\/media\/2021"}],"wp:attachment":[{"href":"https:\/\/jardin-de-coubertin.fr\/es\/wp-json\/wp\/v2\/media?parent=2410"}],"curies":[{"name":"wp","href":"https:\/\/api.w.org\/{rel}","templated":true}]}}