{"id":2418,"date":"2019-06-11T09:41:36","date_gmt":"2019-06-11T07:41:36","guid":{"rendered":"https:\/\/jardin-de-coubertin.fr\/inicio\/"},"modified":"2025-03-25T02:02:49","modified_gmt":"2025-03-25T01:02:49","slug":"inicio","status":"publish","type":"page","link":"https:\/\/jardin-de-coubertin.fr\/es\/","title":{"rendered":"Inicio"},"content":{"rendered":"<div class=\"wp-block-getwid-section alignfull alignfull\"><div class=\"wp-block-getwid-section__wrapper getwid-padding-top-none getwid-padding-bottom-large getwid-padding-left-medium getwid-padding-right-medium getwid-padding-mobile-left-small getwid-padding-mobile-right-small\"><div class=\"wp-block-getwid-section__inner-wrapper\"><div class=\"wp-block-getwid-section__background-holder\"><div class=\"wp-block-getwid-section__background\"><\/div><div class=\"wp-block-getwid-section__foreground\"><\/div><\/div><div class=\"wp-block-getwid-section__content\"><div class=\"wp-block-getwid-section__inner-content\">\n<div class=\"wp-block-columns has-2-columns is-layout-flex wp-container-core-columns-is-layout-1 wp-block-columns-is-layout-flex\">\n<div class=\"wp-block-column is-layout-flow wp-block-column-is-layout-flow\">\n<div class=\"wp-block-getwid-section\"><div class=\"wp-block-getwid-section__wrapper getwid-padding-bottom-none getwid-padding-left-none\" style=\"padding-top:60px;padding-right:70px\"><div class=\"wp-block-getwid-section__inner-wrapper\"><div class=\"wp-block-getwid-section__background-holder\"><div class=\"wp-block-getwid-section__background\" style=\"background-image:url('https:\/\/jardin-de-coubertin.fr\/wp-content\/uploads\/2019\/07\/image_welcome.png');background-position:top right;background-size:auto\"><div class=\"wp-block-getwid-section__background-image-wrapper\"><img decoding=\"async\" class=\"wp-block-getwid-section__background-image\" src=\"https:\/\/jardin-de-coubertin.fr\/wp-content\/uploads\/2019\/07\/image_welcome.png\" alt=\"\"\/><\/div><\/div><div class=\"wp-block-getwid-section__foreground\"><\/div><\/div><div class=\"wp-block-getwid-section__content\"><div class=\"wp-block-getwid-section__inner-content\">\n<div class=\"wp-block-getwid-images-stack is-layout-epsilon\"><div class=\"wp-block-getwid-images-stack__wrapper\"><div class=\"wp-block-getwid-images-stack__chunk\"><div class=\"wp-block-getwid-images-stack__media-wrapper\"><div class=\"wp-block-getwid-images-stack__media-inner-wrapper\"><img loading=\"lazy\" decoding=\"async\" width=\"2560\" height=\"1920\" class=\"wp-block-getwid-images-stack__media wp-image-1283\" src=\"https:\/\/jardin-de-coubertin.fr\/wp-content\/uploads\/2023\/08\/IMG_20230807_160518-scaled.jpg\" data-id=\"1283\" data-link=\"https:\/\/jardin-de-coubertin.fr\/img_20230807_160518\/\" srcset=\"https:\/\/jardin-de-coubertin.fr\/wp-content\/uploads\/2023\/08\/IMG_20230807_160518-scaled.jpg 2560w, https:\/\/jardin-de-coubertin.fr\/wp-content\/uploads\/2023\/08\/IMG_20230807_160518-300x225.jpg 300w, https:\/\/jardin-de-coubertin.fr\/wp-content\/uploads\/2023\/08\/IMG_20230807_160518-1024x768.jpg 1024w, https:\/\/jardin-de-coubertin.fr\/wp-content\/uploads\/2023\/08\/IMG_20230807_160518-768x576.jpg 768w, https:\/\/jardin-de-coubertin.fr\/wp-content\/uploads\/2023\/08\/IMG_20230807_160518-1536x1152.jpg 1536w, https:\/\/jardin-de-coubertin.fr\/wp-content\/uploads\/2023\/08\/IMG_20230807_160518-2048x1536.jpg 2048w, https:\/\/jardin-de-coubertin.fr\/wp-content\/uploads\/2023\/08\/IMG_20230807_160518-1170x878.jpg 1170w, https:\/\/jardin-de-coubertin.fr\/wp-content\/uploads\/2023\/08\/IMG_20230807_160518-600x450.jpg 600w\" sizes=\"auto, (max-width: 2560px) 100vw, 2560px\" \/><\/div><\/div><div class=\"wp-block-getwid-images-stack__media-wrapper\"><div class=\"wp-block-getwid-images-stack__media-inner-wrapper\"><img loading=\"lazy\" decoding=\"async\" width=\"1920\" height=\"2560\" class=\"wp-block-getwid-images-stack__media wp-image-1489\" src=\"https:\/\/jardin-de-coubertin.fr\/wp-content\/uploads\/2019\/06\/loft-garden-view.jpg\" data-id=\"1489\" data-link=\"https:\/\/jardin-de-coubertin.fr\/accommodation\/comfort-triple-room\/jclvue\/\" srcset=\"https:\/\/jardin-de-coubertin.fr\/wp-content\/uploads\/2019\/06\/loft-garden-view.jpg 1920w, https:\/\/jardin-de-coubertin.fr\/wp-content\/uploads\/2019\/06\/loft-garden-view-225x300.jpg 225w, https:\/\/jardin-de-coubertin.fr\/wp-content\/uploads\/2019\/06\/loft-garden-view-768x1024.jpg 768w, https:\/\/jardin-de-coubertin.fr\/wp-content\/uploads\/2019\/06\/loft-garden-view-1152x1536.jpg 1152w, https:\/\/jardin-de-coubertin.fr\/wp-content\/uploads\/2019\/06\/loft-garden-view-1536x2048.jpg 1536w, https:\/\/jardin-de-coubertin.fr\/wp-content\/uploads\/2019\/06\/loft-garden-view-1170x1560.jpg 1170w, https:\/\/jardin-de-coubertin.fr\/wp-content\/uploads\/2019\/06\/loft-garden-view-600x800.jpg 600w\" sizes=\"auto, (max-width: 1920px) 100vw, 1920px\" \/><\/div><\/div><\/div><\/div><\/div>\n<\/div><\/div><\/div><\/div><\/div>\n<\/div>\n<div class=\"wp-block-column is-layout-flow wp-block-column-is-layout-flow\">\n<div class=\"wp-block-getwid-section\"><div class=\"wp-block-getwid-section__wrapper getwid-padding-bottom-none getwid-padding-right-none\" style=\"padding-top:60px;padding-left:20px\"><div class=\"wp-block-getwid-section__inner-wrapper\"><div class=\"wp-block-getwid-section__background-holder\"><div class=\"wp-block-getwid-section__background\"><\/div><div class=\"wp-block-getwid-section__foreground\"><\/div><\/div><div class=\"wp-block-getwid-section__content\"><div class=\"wp-block-getwid-section__inner-content\">\n<div class=\"wp-block-getwid-advanced-heading is-style-style-1 has-custom-font-size\" style=\"font-size:12px\"><p class=\"wp-block-getwid-advanced-heading__content\" style=\"letter-spacing:0.1em\">ELEVANDO EL CONFORT AL M\u00c1XIMO NIVEL<\/p><\/div>\n<div class=\"wp-block-getwid-advanced-heading\" style=\"margin-bottom:30px;margin-top:10px\"><h2 class=\"wp-block-getwid-advanced-heading__content\">Bienvenido al Jard\u00edn de Coubertin<\/h2><\/div>\n<div class=\"wp-block-getwid-section getwid-section-content-custom-width\"><div class=\"wp-block-getwid-section__wrapper getwid-padding-top-none getwid-padding-bottom-none getwid-padding-left-medium getwid-padding-right-none getwid-justify-content-flex-start\"><div class=\"wp-block-getwid-section__inner-wrapper\"><div class=\"wp-block-getwid-section__background-holder\"><div class=\"wp-block-getwid-section__background\"><\/div><div class=\"wp-block-getwid-section__foreground\"><\/div><\/div><div class=\"wp-block-getwid-section__content\"><div class=\"wp-block-getwid-section__inner-content\">\n<p>El \u00abJardin de Coubertin\u00bb es la elecci\u00f3n adecuada para los visitantes que buscan una combinaci\u00f3n de encanto y una posici\u00f3n conveniente desde la que explorar los alrededores.<\/p>\n<p>Los apartamentos est\u00e1n situados en el edificio principal, al igual que los estudios. En la planta superior encontrar\u00e1s un espacioso Loft desde el que podr\u00e1s disfrutar de una hermosa vista del jard\u00edn y, en parte, de la ciudad y la catedral. <\/p>\n<div class=\"wp-block-getwid-advanced-spacer\" style=\"height:20px\" aria-hidden=\"true\"><\/div>\n<div class=\"wp-block-button is-style-default\"><a class=\"wp-block-button__link wp-element-button\" href=\"https:\/\/jardin-de-coubertin.fr\/about-luviana\/\">Sigue leyendo<\/a><\/div>\n<\/div><\/div><\/div><\/div><\/div>\n<div style=\"height:25px\" aria-hidden=\"true\" class=\"wp-block-spacer\"><\/div>\n<\/div><\/div><\/div><\/div><\/div>\n<\/div>\n<\/div>\n<\/div><\/div><\/div><\/div><\/div><div class=\"wp-block-getwid-section alignfull alignfull getwid-margin-bottom-none\"><div class=\"wp-block-getwid-section__wrapper getwid-padding-left-medium getwid-padding-right-medium getwid-padding-mobile-left-small getwid-padding-mobile-right-small\" style=\"padding-top:100px;padding-bottom:120px\"><div class=\"wp-block-getwid-section__inner-wrapper\"><div class=\"wp-block-getwid-section__background-holder\"><div class=\"wp-block-getwid-section__background\"><\/div><div class=\"wp-block-getwid-section__foreground\"><\/div><\/div><div class=\"wp-block-getwid-section__content\"><div class=\"wp-block-getwid-section__inner-content\">\n<div class=\"wp-block-columns has-2-columns\">\n<div class=\"wp-block-column\">\n<div class=\"wp-block-getwid-advanced-heading is-style-style-1 has-custom-font-size\" style=\"font-size:12px;margin-bottom:0px\"><p class=\"wp-block-getwid-advanced-heading__content\" style=\"letter-spacing:0.1em\">  ELEVANDO EL CONFORT AL M\u00c1XIMO NIVEL  <\/p><\/div>\n<div class=\"wp-block-getwid-advanced-heading\" style=\"margin-top:10px\"><h2 class=\"wp-block-getwid-advanced-heading__content\">Habitaciones y Suites<\/h2><\/div>\n<\/div>\n<div class=\"wp-block-column\">\n<div style=\"height:20px\" aria-hidden=\"true\" class=\"wp-block-spacer\"><\/div>\n<div class=\"wp-block-button is-style-default alignright\"><a class=\"wp-block-button__link wp-element-button\" href=\"https:\/\/jardin-de-coubertin.fr\/es\/habitaciones-y-suites\/\">Ver todo<\/a><\/div>\n<\/div>\n<\/div>\n<div style=\"height:50px\" aria-hidden=\"true\" class=\"wp-block-spacer\"><\/div>\n<\/div><\/div><\/div><\/div><\/div><div class=\"wp-block-getwid-section alignfull alignfull getwid-margin-top-none getwid-margin-bottom-none\"><div class=\"wp-block-getwid-section__wrapper getwid-padding-top-none getwid-padding-bottom-none getwid-padding-left-medium getwid-padding-right-medium getwid-padding-mobile-left-small getwid-padding-mobile-right-small\"><div class=\"wp-block-getwid-section__inner-wrapper\"><div class=\"wp-block-getwid-section__background-holder\"><div class=\"wp-block-getwid-section__background\" style=\"background-image:url('https:\/\/jardin-de-coubertin.fr\/wp-content\/uploads\/2023\/08\/IMG_20220505_103026-scaled.jpg')\"><div class=\"wp-block-getwid-section__background-image-wrapper\"><img decoding=\"async\" class=\"wp-block-getwid-section__background-image\" src=\"https:\/\/jardin-de-coubertin.fr\/wp-content\/uploads\/2023\/08\/IMG_20220505_103026-scaled.jpg\" alt=\"\"\/><\/div><\/div><div class=\"wp-block-getwid-section__foreground\"><\/div><\/div><div class=\"wp-block-getwid-section__content\"><div class=\"wp-block-getwid-section__inner-content\">\n<div class=\"wp-block-getwid-section\" style=\"margin-top:-60px;margin-bottom:-60px\"><div class=\"wp-block-getwid-section__wrapper getwid-padding-left-normal getwid-padding-right-normal getwid-padding-mobile-top-medium getwid-padding-mobile-bottom-medium getwid-padding-mobile-left-small getwid-padding-mobile-right-small getwid-margin-tablet-right-none\" style=\"margin-right:50%;padding-top:120px;padding-bottom:120px\"><div class=\"wp-block-getwid-section__inner-wrapper\"><div class=\"wp-block-getwid-section__background-holder\"><div class=\"wp-block-getwid-section__background has-background\" style=\"background-color:#b4c286\"><\/div><div class=\"wp-block-getwid-section__foreground\" style=\"background-image:url('https:\/\/jardin-de-coubertin.fr\/wp-content\/uploads\/2019\/07\/image_testimonials.png');background-position:top left;background-size:auto\"><\/div><\/div><div class=\"wp-block-getwid-section__content\"><div class=\"wp-block-getwid-section__inner-content\">\n<div class=\"wp-block-getwid-advanced-heading is-style-style-1 has-custom-font-size\" style=\"font-size:12px\"><p class=\"wp-block-getwid-advanced-heading__content has-text-color has-white-color\" style=\"letter-spacing:0.1em\">EN EL CORAZ\u00d3N DE LAS COMUNIDADES<\/p><\/div>\n<div class=\"wp-block-getwid-advanced-heading\" style=\"margin-bottom:40px;margin-top:10px\"><h2 class=\"wp-block-getwid-advanced-heading__content has-text-color has-white-color\">La gente dice<\/h2><\/div>\n<div class=\"wp-block-getwid-section\"><div class=\"wp-block-getwid-section__wrapper getwid-padding-top-none getwid-padding-bottom-none getwid-padding-left-medium getwid-padding-right-none\"><div class=\"wp-block-getwid-section__inner-wrapper\"><div class=\"wp-block-getwid-section__background-holder\"><div class=\"wp-block-getwid-section__background\"><\/div><div class=\"wp-block-getwid-section__foreground\"><\/div><\/div><div class=\"wp-block-getwid-section__content\"><div class=\"wp-block-getwid-section__inner-content\">\n<div class=\"wp-block-getwid-testimonial is-style-light has-image\"><div class=\"wp-block-getwid-testimonial__wrapper\"><div class=\"wp-block-getwid-testimonial__content-wrapper\"><p class=\"wp-block-getwid-testimonial__content\">\u00abNo hay mucho que no guste de los apartamentos.<br>Como si todo estuviera bien.<br>El aire acondicionado funciona bien, la presi\u00f3n de la ducha es buena.<br>&#8230;el apartamento tiene dos ventanas dobles a la carretera, as\u00ed que seguro que disfrutas de un sue\u00f1o silencioso&#8230;<br>Hay un jard\u00edn precioso con unas cuantas mesas y una barbacoa para que puedas cocinar&#8230; Un lugar encantador\u00bb.  <\/p><\/div><div class=\"wp-block-getwid-testimonial__header\"><div class=\"wp-block-getwid-testimonial__image-wrapper\"><div class=\"wp-block-getwid-testimonial__image\"><img loading=\"lazy\" decoding=\"async\" width=\"150\" height=\"150\" src=\"https:\/\/themes.getmotopress.com\/luviana\/wp-content\/uploads\/sites\/27\/2019\/07\/kate-palmer-150x150.jpg\" alt=\"\" class=\"wp-image-421\" srcset=\"https:\/\/jardin-de-coubertin.fr\/wp-content\/uploads\/2019\/07\/kate-palmer-150x150.jpg 150w, https:\/\/jardin-de-coubertin.fr\/wp-content\/uploads\/2019\/07\/kate-palmer-300x300.jpg 300w, https:\/\/jardin-de-coubertin.fr\/wp-content\/uploads\/2019\/07\/kate-palmer-768x768.jpg 768w, https:\/\/jardin-de-coubertin.fr\/wp-content\/uploads\/2019\/07\/kate-palmer-600x600.jpg 600w, https:\/\/jardin-de-coubertin.fr\/wp-content\/uploads\/2019\/07\/kate-palmer-100x100.jpg 100w, https:\/\/jardin-de-coubertin.fr\/wp-content\/uploads\/2019\/07\/kate-palmer.jpg 800w\" sizes=\"auto, (max-width: 150px) 100vw, 150px\" \/><\/div><\/div><div class=\"wp-block-getwid-testimonial__heading\"><span class=\"wp-block-getwid-testimonial__title\">vitaljus via booking.com<\/span><span class=\"wp-block-getwid-testimonial__subtitle\">Lituania<\/span><\/div><\/div><\/div><\/div>\n<\/div><\/div><\/div><\/div><\/div>\n<\/div><\/div><\/div><\/div><\/div>\n<\/div><\/div><\/div><\/div><\/div><div class=\"wp-block-getwid-section alignfull alignfull getwid-margin-top-none getwid-margin-bottom-none\"><div class=\"wp-block-getwid-section__wrapper getwid-padding-top-large getwid-padding-bottom-normal getwid-padding-left-medium getwid-padding-right-medium getwid-padding-mobile-left-small getwid-padding-mobile-right-small\"><div class=\"wp-block-getwid-section__inner-wrapper\"><div class=\"wp-block-getwid-section__background-holder\"><div class=\"wp-block-getwid-section__background\"><\/div><div class=\"wp-block-getwid-section__foreground\"><\/div><\/div><div class=\"wp-block-getwid-section__content\"><div class=\"wp-block-getwid-section__inner-content\"><\/div><\/div><\/div><\/div><\/div><div class=\"wp-block-getwid-section alignfull alignfull getwid-margin-top-none getwid-margin-bottom-none getwid-section-content-full-width\"><div class=\"wp-block-getwid-section__wrapper getwid-padding-top-none getwid-padding-bottom-none getwid-padding-left-none getwid-padding-right-none\"><div class=\"wp-block-getwid-section__inner-wrapper\"><div class=\"wp-block-getwid-section__background-holder\"><div class=\"wp-block-getwid-section__background\"><\/div><div class=\"wp-block-getwid-section__foreground\"><\/div><\/div><div class=\"wp-block-getwid-section__content\"><div class=\"wp-block-getwid-section__inner-content\">\n<div data-map-zoom=\"15\" data-interaction=\"cooperative\" data-map-style=\"default\" data-map-center=\"{\"lat\":43.3378,\"lng\":3.20353}\" data-zoom-control=\"true\" data-type-control=\"false\" data-street-view-control=\"false\" data-full-screen-control=\"true\" data-map-markers=\"[{\"name\":\"7 Av Pierre de Coubertin\",\"description\":\"Jardin de Coubertin\",\"popUpOpen\":true,\"popUpMaxWidth\":250,\"bounce\":false,\"coords\":{\"lat\":43.3378,\"lng\":3.20353}}]\" class=\"wp-block-getwid-map\"><div style=\"height:580px\" class=\"wp-block-getwid-map__container\"><\/div><ul class=\"wp-block-getwid-map__points\"><li><a href=\"https:\/\/maps.google.com\/?q=43.3378,3.20353&amp;ll=43.3378,3.20353&amp;z=15\">7 Av Pierre de Coubertin<\/a><\/li><\/ul><\/div>\n<\/div><\/div><\/div><\/div><\/div>","protected":false},"excerpt":{"rendered":"<p>ELEVANDO EL CONFORT AL M\u00c1XIMO NIVEL Habitaciones y Suites Ver todo<\/p>\n","protected":false},"author":1,"featured_media":0,"parent":0,"menu_order":0,"comment_status":"closed","ping_status":"closed","template":"template-front-page.php","meta":{"footnotes":""},"class_list":["post-2418","page","type-page","status-publish","hentry"],"_links":{"self":[{"href":"https:\/\/jardin-de-coubertin.fr\/es\/wp-json\/wp\/v2\/pages\/2418","targetHints":{"allow":["GET"]}}],"collection":[{"href":"https:\/\/jardin-de-coubertin.fr\/es\/wp-json\/wp\/v2\/pages"}],"about":[{"href":"https:\/\/jardin-de-coubertin.fr\/es\/wp-json\/wp\/v2\/types\/page"}],"author":[{"embeddable":true,"href":"https:\/\/jardin-de-coubertin.fr\/es\/wp-json\/wp\/v2\/users\/1"}],"replies":[{"embeddable":true,"href":"https:\/\/jardin-de-coubertin.fr\/es\/wp-json\/wp\/v2\/comments?post=2418"}],"version-history":[{"count":2,"href":"https:\/\/jardin-de-coubertin.fr\/es\/wp-json\/wp\/v2\/pages\/2418\/revisions"}],"predecessor-version":[{"id":2662,"href":"https:\/\/jardin-de-coubertin.fr\/es\/wp-json\/wp\/v2\/pages\/2418\/revisions\/2662"}],"wp:attachment":[{"href":"https:\/\/jardin-de-coubertin.fr\/es\/wp-json\/wp\/v2\/media?parent=2418"}],"curies":[{"name":"wp","href":"https:\/\/api.w.org\/{rel}","templated":true}]}}