{"id":2424,"date":"2019-06-11T09:50:44","date_gmt":"2019-06-11T07:50:44","guid":{"rendered":"https:\/\/jardin-de-coubertin.fr\/inicio\/salut-hola-hola\/"},"modified":"2024-12-26T08:00:21","modified_gmt":"2024-12-26T07:00:21","slug":"salut-hola-hola","status":"publish","type":"page","link":"https:\/\/jardin-de-coubertin.fr\/es\/inicio\/salut-hola-hola\/","title":{"rendered":"Salut. Hola. Hola"},"content":{"rendered":"<p>Nuestra casa de hu\u00e9spedes sigue siendo elegante y moderna, con un estilo en parte natural y en parte industrial. Ayudamos a que los viajes sean inolvidables con nuestro maravilloso jard\u00edn y nuestra aut\u00e9ntica hospitalidad<\/p><!--more--><div class=\"wp-block-getwid-section alignfull alignfull getwid-margin-top-none getwid-margin-bottom-none\"><div class=\"wp-block-getwid-section__wrapper getwid-padding-top-medium getwid-padding-bottom-none getwid-padding-left-medium getwid-padding-right-medium getwid-padding-mobile-left-small getwid-padding-mobile-right-small\"><div class=\"wp-block-getwid-section__inner-wrapper\"><div class=\"wp-block-getwid-section__background-holder\"><div class=\"wp-block-getwid-section__background\"><\/div><div class=\"wp-block-getwid-section__foreground\"><\/div><\/div><div class=\"wp-block-getwid-section__content\"><div class=\"wp-block-getwid-section__inner-content\"><div class=\"wp-block-columns has-2-columns is-layout-flex wp-container-core-columns-is-layout-1 wp-block-columns-is-layout-flex\"><div class=\"wp-block-column is-layout-flow wp-block-column-is-layout-flow\"><div class=\"wp-block-getwid-advanced-heading is-style-style-1 has-custom-font-size\" style=\"font-size:12px;margin-bottom:20px\"><p class=\"wp-block-getwid-advanced-heading__content\" style=\"letter-spacing:1px\">ELEVANDO EL CONFORT AL M\u00c1XIMO NIVEL<\/p><\/div>\n\n<div class=\"wp-block-getwid-advanced-heading is-style-default\"><h2 class=\"wp-block-getwid-advanced-heading__content\">Bienvenido al Jard\u00edn de Coubertin<\/h2><\/div><\/div>\n\n<div class=\"wp-block-column is-layout-flow wp-block-column-is-layout-flow\"><p>La casa de hu\u00e9spedes tiene un gran jard\u00edn donde puedes sentarte a la sombra de viejos \u00e1rboles o disfrutar del sol en nuestra gran tumbona. Dispones de diferentes zonas de estar, donde podr\u00e1s relajarte y sumergirte en la ma\u00f1ana pr\u00f3xima de un nuevo d\u00eda maravilloso en la atm\u00f3sfera de la vida cotidiana mediterr\u00e1nea. A s\u00f3lo unos pasos, pasando por el puente viejo \u00abpont vieux\u00bb, recientemente renovado, necesitar\u00e1s 20 minutos a pie para llegar al centro hist\u00f3rico de la ciudad por el paso bajo la Catedral. Una vez en la cima tienes una magn\u00edfica vista sobre la parte baja de Beziers y el r\u00edo Orb. El callej\u00f3n Paul Riquet te invita a sentarte bajo los enormes pl\u00e1tanos y a disfrutar del clima mediterr\u00e1neo en medio de la ciudad m\u00e1s antigua de Francia.<\/p><\/div><\/div>\n\n<div style=\"height:50px\" aria-hidden=\"true\" class=\"wp-block-spacer\"><\/div>\n\n<div class=\"wp-block-columns has-2-columns is-layout-flex wp-container-core-columns-is-layout-2 wp-block-columns-is-layout-flex\"><div class=\"wp-block-column is-layout-flow wp-block-column-is-layout-flow\"><figure class=\"wp-block-image size-large\"><img loading=\"lazy\" decoding=\"async\" width=\"1024\" height=\"768\" src=\"https:\/\/jardin-de-coubertin.fr\/wp-content\/uploads\/2023\/08\/IMG_20220505_103456-1024x768.jpg\" alt=\"\" class=\"wp-image-1145\" srcset=\"https:\/\/jardin-de-coubertin.fr\/wp-content\/uploads\/2023\/08\/IMG_20220505_103456-1024x768.jpg 1024w, https:\/\/jardin-de-coubertin.fr\/wp-content\/uploads\/2023\/08\/IMG_20220505_103456-300x225.jpg 300w, https:\/\/jardin-de-coubertin.fr\/wp-content\/uploads\/2023\/08\/IMG_20220505_103456-768x576.jpg 768w, https:\/\/jardin-de-coubertin.fr\/wp-content\/uploads\/2023\/08\/IMG_20220505_103456-1536x1152.jpg 1536w, https:\/\/jardin-de-coubertin.fr\/wp-content\/uploads\/2023\/08\/IMG_20220505_103456-2048x1536.jpg 2048w, https:\/\/jardin-de-coubertin.fr\/wp-content\/uploads\/2023\/08\/IMG_20220505_103456-1170x878.jpg 1170w, https:\/\/jardin-de-coubertin.fr\/wp-content\/uploads\/2023\/08\/IMG_20220505_103456-600x450.jpg 600w\" sizes=\"auto, (max-width: 1024px) 100vw, 1024px\" \/><\/figure><\/div>\n\n<div class=\"wp-block-column is-layout-flow wp-block-column-is-layout-flow\"><figure class=\"wp-block-image size-large\"><img loading=\"lazy\" decoding=\"async\" width=\"1024\" height=\"768\" src=\"https:\/\/jardin-de-coubertin.fr\/wp-content\/uploads\/2019\/06\/velux-cabrio-ouvert-1024x768.jpg\" alt=\"Jardin Coubertin velux cabrio\" class=\"wp-image-1488\" srcset=\"https:\/\/jardin-de-coubertin.fr\/wp-content\/uploads\/2019\/06\/velux-cabrio-ouvert-1024x768.jpg 1024w, https:\/\/jardin-de-coubertin.fr\/wp-content\/uploads\/2019\/06\/velux-cabrio-ouvert-300x225.jpg 300w, https:\/\/jardin-de-coubertin.fr\/wp-content\/uploads\/2019\/06\/velux-cabrio-ouvert-768x576.jpg 768w, https:\/\/jardin-de-coubertin.fr\/wp-content\/uploads\/2019\/06\/velux-cabrio-ouvert-1536x1152.jpg 1536w, https:\/\/jardin-de-coubertin.fr\/wp-content\/uploads\/2019\/06\/velux-cabrio-ouvert-2048x1536.jpg 2048w, https:\/\/jardin-de-coubertin.fr\/wp-content\/uploads\/2019\/06\/velux-cabrio-ouvert-1170x878.jpg 1170w, https:\/\/jardin-de-coubertin.fr\/wp-content\/uploads\/2019\/06\/velux-cabrio-ouvert-600x450.jpg 600w\" sizes=\"auto, (max-width: 1024px) 100vw, 1024px\" \/><\/figure><\/div><\/div><\/div><\/div><\/div><\/div><\/div>","protected":false},"excerpt":{"rendered":"<p>Nuestra casa de hu\u00e9spedes es la elecci\u00f3n adecuada para los visitantes que buscan una combinaci\u00f3n de encanto, paz, tranquilidad y una posici\u00f3n conveniente desde la que explorar los alrededores.<\/p>\n","protected":false},"author":1,"featured_media":2216,"parent":2418,"menu_order":0,"comment_status":"closed","ping_status":"closed","template":"","meta":{"footnotes":""},"class_list":["post-2424","page","type-page","status-publish","has-post-thumbnail","hentry"],"_links":{"self":[{"href":"https:\/\/jardin-de-coubertin.fr\/es\/wp-json\/wp\/v2\/pages\/2424","targetHints":{"allow":["GET"]}}],"collection":[{"href":"https:\/\/jardin-de-coubertin.fr\/es\/wp-json\/wp\/v2\/pages"}],"about":[{"href":"https:\/\/jardin-de-coubertin.fr\/es\/wp-json\/wp\/v2\/types\/page"}],"author":[{"embeddable":true,"href":"https:\/\/jardin-de-coubertin.fr\/es\/wp-json\/wp\/v2\/users\/1"}],"replies":[{"embeddable":true,"href":"https:\/\/jardin-de-coubertin.fr\/es\/wp-json\/wp\/v2\/comments?post=2424"}],"version-history":[{"count":1,"href":"https:\/\/jardin-de-coubertin.fr\/es\/wp-json\/wp\/v2\/pages\/2424\/revisions"}],"predecessor-version":[{"id":2429,"href":"https:\/\/jardin-de-coubertin.fr\/es\/wp-json\/wp\/v2\/pages\/2424\/revisions\/2429"}],"up":[{"embeddable":true,"href":"https:\/\/jardin-de-coubertin.fr\/es\/wp-json\/wp\/v2\/pages\/2418"}],"wp:featuredmedia":[{"embeddable":true,"href":"https:\/\/jardin-de-coubertin.fr\/es\/wp-json\/wp\/v2\/media\/2216"}],"wp:attachment":[{"href":"https:\/\/jardin-de-coubertin.fr\/es\/wp-json\/wp\/v2\/media?parent=2424"}],"curies":[{"name":"wp","href":"https:\/\/api.w.org\/{rel}","templated":true}]}}