{"id":2461,"date":"2019-07-15T11:54:24","date_gmt":"2019-07-15T09:54:24","guid":{"rendered":"https:\/\/jardin-de-coubertin.fr\/sobre-el-chalet-beziers\/"},"modified":"2024-12-26T08:01:12","modified_gmt":"2024-12-26T07:01:12","slug":"sobre-el-chalet-beziers","status":"publish","type":"page","link":"https:\/\/jardin-de-coubertin.fr\/es\/sobre-el-chalet-beziers\/","title":{"rendered":"Sobre el \u00abChalet Beziers"},"content":{"rendered":"<p><\/p><p>Es una c\u00f3moda casa de madera. Nuestro personal ofrece un atento servicio de alta calidad y est\u00e1 siempre dispuesto a ofrecer cualquier ayuda a los hu\u00e9spedes.<\/p><p>El \u00abchalet\u00bb tiene su jard\u00edn privado, donde puedes sentarte bajo un viejo \u00e1rbol de akazia y disfrutar de la sombra en un d\u00eda soleado. Dispones de una zona de estar, donde podr\u00e1s relajarte y sumergirte en la ma\u00f1ana pr\u00f3xima de un nuevo d\u00eda maravilloso en la atm\u00f3sfera de la vida cotidiana mediterr\u00e1nea. A s\u00f3lo unos pasos, pasando por el viejo puente \u00abpont vieux\u00bb recientemente renovado, estar\u00e1s en 20 minutos en el centro hist\u00f3rico de la ciudad por el paso bajo la Catedral. Una vez en la cima tienes una magn\u00edfica vista sobre la parte baja de Beziers y el r\u00edo Orb. El callej\u00f3n Paul Riquet te invita a sentarte bajo los enormes pl\u00e1tanos y a disfrutar del clima mediterr\u00e1neo en medio de la ciudad m\u00e1s antigua de Francia.<\/p><figure class=\"wp-block-image size-large\"><a href=\"https:\/\/chalet-beziers.fr\"><img loading=\"lazy\" decoding=\"async\" width=\"1024\" height=\"769\" src=\"https:\/\/jardin-de-coubertin.fr\/wp-content\/uploads\/2023\/08\/chalet-beziers-cour-long-1024x769.jpg\" alt=\"\" class=\"wp-image-1427\" srcset=\"https:\/\/jardin-de-coubertin.fr\/wp-content\/uploads\/2023\/08\/chalet-beziers-cour-long-1024x769.jpg 1024w, https:\/\/jardin-de-coubertin.fr\/wp-content\/uploads\/2023\/08\/chalet-beziers-cour-long-300x225.jpg 300w, https:\/\/jardin-de-coubertin.fr\/wp-content\/uploads\/2023\/08\/chalet-beziers-cour-long-768x577.jpg 768w, https:\/\/jardin-de-coubertin.fr\/wp-content\/uploads\/2023\/08\/chalet-beziers-cour-long-1536x1154.jpg 1536w, https:\/\/jardin-de-coubertin.fr\/wp-content\/uploads\/2023\/08\/chalet-beziers-cour-long-2048x1538.jpg 2048w, https:\/\/jardin-de-coubertin.fr\/wp-content\/uploads\/2023\/08\/chalet-beziers-cour-long-1170x879.jpg 1170w, https:\/\/jardin-de-coubertin.fr\/wp-content\/uploads\/2023\/08\/chalet-beziers-cour-long-600x451.jpg 600w\" sizes=\"auto, (max-width: 1024px) 100vw, 1024px\" \/><\/a><\/figure><h5 class=\"wp-block-heading\">El \u00abChalet<\/h5><p>Alrededor de la casa tienes tu zona privada delante tu propio aparcamiento gratuito.<\/p><figure class=\"wp-block-image size-large\"><a href=\"https:\/\/chalet-beziers.fr\"><img loading=\"lazy\" decoding=\"async\" width=\"1024\" height=\"769\" src=\"https:\/\/jardin-de-coubertin.fr\/wp-content\/uploads\/2023\/08\/chalet-beziers-jardin-arbre-1024x769.jpg\" alt=\"\" class=\"wp-image-1430\" srcset=\"https:\/\/jardin-de-coubertin.fr\/wp-content\/uploads\/2023\/08\/chalet-beziers-jardin-arbre-1024x769.jpg 1024w, https:\/\/jardin-de-coubertin.fr\/wp-content\/uploads\/2023\/08\/chalet-beziers-jardin-arbre-300x225.jpg 300w, https:\/\/jardin-de-coubertin.fr\/wp-content\/uploads\/2023\/08\/chalet-beziers-jardin-arbre-768x577.jpg 768w, https:\/\/jardin-de-coubertin.fr\/wp-content\/uploads\/2023\/08\/chalet-beziers-jardin-arbre-1536x1154.jpg 1536w, https:\/\/jardin-de-coubertin.fr\/wp-content\/uploads\/2023\/08\/chalet-beziers-jardin-arbre-2048x1538.jpg 2048w, https:\/\/jardin-de-coubertin.fr\/wp-content\/uploads\/2023\/08\/chalet-beziers-jardin-arbre-1170x879.jpg 1170w, https:\/\/jardin-de-coubertin.fr\/wp-content\/uploads\/2023\/08\/chalet-beziers-jardin-arbre-600x451.jpg 600w\" sizes=\"auto, (max-width: 1024px) 100vw, 1024px\" \/><\/a><\/figure><h5 class=\"wp-block-heading\">Tu jard\u00edn privado<\/h5><p>Precioso&#8230; con muchas posibilidades para sentarse al sol o a la sombra o hacer una barbacoa.<\/p><figure class=\"wp-block-image size-large\"><a href=\"https:\/\/chalet-beziers.fr\"><img decoding=\"async\" src=\"https:\/\/jardin-de-coubertin.fr\/wp-content\/uploads\/2024\/11\/CHsaloncoin-1024x768.jpg\" alt=\"\" class=\"wp-image-1524\"\/><\/a><\/figure><h5 class=\"wp-block-heading\">Interior del \u00abChalet<\/h5><p>Amplio sal\u00f3n con cocina, dos dormitorios y cuarto de ba\u00f1o.<\/p><div style=\"height:50px\" aria-hidden=\"true\" class=\"wp-block-spacer\"><\/div>","protected":false},"excerpt":{"rendered":"<p>Es una c\u00f3moda casa de madera. Nuestro personal ofrece un atento servicio de alta calidad y est\u00e1 siempre dispuesto a ofrecer cualquier ayuda a los hu\u00e9spedes. El \u00abchalet\u00bb tiene su jard\u00edn privado, donde puedes sentarte bajo un viejo \u00e1rbol de akazia y disfrutar de la sombra en un d\u00eda soleado. Dispones de una zona de [&hellip;]<\/p>\n","protected":false},"author":1,"featured_media":0,"parent":0,"menu_order":0,"comment_status":"closed","ping_status":"closed","template":"","meta":{"footnotes":""},"class_list":["post-2461","page","type-page","status-publish","hentry"],"_links":{"self":[{"href":"https:\/\/jardin-de-coubertin.fr\/es\/wp-json\/wp\/v2\/pages\/2461","targetHints":{"allow":["GET"]}}],"collection":[{"href":"https:\/\/jardin-de-coubertin.fr\/es\/wp-json\/wp\/v2\/pages"}],"about":[{"href":"https:\/\/jardin-de-coubertin.fr\/es\/wp-json\/wp\/v2\/types\/page"}],"author":[{"embeddable":true,"href":"https:\/\/jardin-de-coubertin.fr\/es\/wp-json\/wp\/v2\/users\/1"}],"replies":[{"embeddable":true,"href":"https:\/\/jardin-de-coubertin.fr\/es\/wp-json\/wp\/v2\/comments?post=2461"}],"version-history":[{"count":1,"href":"https:\/\/jardin-de-coubertin.fr\/es\/wp-json\/wp\/v2\/pages\/2461\/revisions"}],"predecessor-version":[{"id":2462,"href":"https:\/\/jardin-de-coubertin.fr\/es\/wp-json\/wp\/v2\/pages\/2461\/revisions\/2462"}],"wp:attachment":[{"href":"https:\/\/jardin-de-coubertin.fr\/es\/wp-json\/wp\/v2\/media?parent=2461"}],"curies":[{"name":"wp","href":"https:\/\/api.w.org\/{rel}","templated":true}]}}