{"id":2479,"date":"2019-06-12T11:59:52","date_gmt":"2019-06-12T09:59:52","guid":{"rendered":"https:\/\/jardin-de-coubertin.fr\/condiciones-generales\/"},"modified":"2024-12-26T08:02:43","modified_gmt":"2024-12-26T07:02:43","slug":"condiciones-generales","status":"publish","type":"page","link":"https:\/\/jardin-de-coubertin.fr\/es\/condiciones-generales\/","title":{"rendered":"Condiciones generales"},"content":{"rendered":"<p>EL PRECIO DE LA UBICACI\u00d3N<\/p><p>Incluye: cubiertos y servilletas, agua, electricidad y gas, y wifi.<\/p><p>UTILIZACI\u00d3N DE LAS INSTALACIONES<\/p><p>El localizador har\u00e1 un buen uso de la ubicaci\u00f3n conforme al destino de los lugares. A su salida, el propietario se compromete a dejar la casa tan limpia como la encontr\u00f3 a su llegada. La location ne peut en aucun cas b\u00e9n\u00e9ficier a des tiers, sauf accord pr\u00e9alable du propri\u00e9taire. Si el n\u00famero de localizadores excede la capacidad de acogida indicada en el descriptivo, y sin acuerdo previo, el propietario se reserva el derecho de rechazar a los localizadores suplementarios o de recibir una mayoraci\u00f3n.<\/p><p>ANIMAUX<\/p><p>La presencia de animales familiares, a pesar de la negativa del propietario, conlleva la ruptura inmediata del presente contrato.<\/p><p>CARGOS<\/p><p>Los gastos de limpieza son en general 25\u20ac por estancia. Los dem\u00e1s gastos est\u00e1n incluidos en el precio del alojamiento.<\/p><p>IMPUESTO DE ESTANCIA<\/p><p>El impuesto de estancia est\u00e1 incluido en el precio del alojamiento.<\/p><p>ESTADO DE LOS LUGARES E INVENTARIO<\/p><p>El propietario y el arrendador informar\u00e1n contradictoriamente sobre el estado de las instalaciones, el inventario del m\u00f3vil y de los distintos equipos al principio y al final de la estancia.<\/p><p>DEP\u00d3SITO DE GARANT\u00cdA (PRECAUCI\u00d3N)<\/p><p>El importe del dep\u00f3sito de garant\u00eda lo determina el propietario, pero en general no se cobra. A votre arriv\u00e9e une copie de la carte d&#8217;identit\u00e9 de toutes les personnes serait n\u00e9cessaire.  <\/p><p>PAIEMENT<\/p><p>La reserva entrar\u00e1 en vigor a partir del momento en que el localizador haya pagado el importe de la reserva en su totalidad o haya registrado una tarjeta de cr\u00e9dito v\u00e1lida para un cargo eventual del importe de la localizaci\u00f3n. Le solde de la location doit \u00eatre reglement\u00e9 si pas fait en avant le jour de l&#8217;arriv\u00e9e en especes, carte de cr\u00e9dit ou paypal(plus 3%). Si el localizador retrasa su llegada, deber\u00e1 avisar al propietario y hacerle llegar la solapa de la puerta en la fecha inicialmente prevista.<\/p><p>INTERRUPCI\u00d3N DE LA ESTANCIA :<\/p><p>En cas d&#8217;interruption anticip\u00e9e du s\u00e9jour par le locataire, et si la responsabilit\u00e9 du propri\u00e9taire n&#8217;est pas mise en cause, il ne sera proc\u00e9d\u00e9 \u00e0 aucun remboursement, (hormis le d\u00e9p\u00f4t de garantie).<\/p><p>CONDICIONES D ANULACI\u00d3N :<\/p><p>Toda anulaci\u00f3n debe notificarse por Internet a trav\u00e9s de la m\u00e1quina de reservas o por tel\u00e9fono, acompa\u00f1ada de un escrito por correo postal o electr\u00f3nico. Si l&#8217;annulation est possible selon les conditions d&#8217;annulation mentionne sur votre confirmationde r\u00e9servation. En caso de cancelaci\u00f3n, la cantidad dejada de pagar se devuelve total o parcialmente, dependiendo de las condiciones de cancelaci\u00f3n.<\/p><p>Si el localizador no se presenta el d\u00eda mencionado en el contrato antes de las 22:00 horas y sin avisar al propietario, el importe del presente contrato se cobrar\u00e1 \u00edntegramente y el propietario podr\u00e1 disponer de su vivienda. En caso de anulaci\u00f3n de la ubicaci\u00f3n por parte del propietario, \u00e9ste invertir\u00e1 en el localizador el importe de los arriendos que haya calculado.<\/p><p>LITIGIOS O RECLAMACIONES<\/p><p>Se aconseja iniciar un intento de regulaci\u00f3n amistoso. En defecto de acuerdo entre el propietario y el arrendatario, todo litigio podr\u00e1 someterse a los tribunales locales.<\/p>","protected":false},"excerpt":{"rendered":"<p>EL PRECIO DE LA UBICACI\u00d3N Incluye: cubiertos y servilletas, agua, electricidad y gas, y wifi. UTILIZACI\u00d3N DE LAS INSTALACIONES El localizador har\u00e1 un buen uso de la ubicaci\u00f3n conforme al destino de los lugares. A su salida, el propietario se compromete a dejar la casa tan limpia como la encontr\u00f3 a su llegada. La location [&hellip;]<\/p>\n","protected":false},"author":1,"featured_media":0,"parent":0,"menu_order":0,"comment_status":"closed","ping_status":"closed","template":"","meta":{"footnotes":""},"class_list":["post-2479","page","type-page","status-publish","hentry"],"_links":{"self":[{"href":"https:\/\/jardin-de-coubertin.fr\/es\/wp-json\/wp\/v2\/pages\/2479","targetHints":{"allow":["GET"]}}],"collection":[{"href":"https:\/\/jardin-de-coubertin.fr\/es\/wp-json\/wp\/v2\/pages"}],"about":[{"href":"https:\/\/jardin-de-coubertin.fr\/es\/wp-json\/wp\/v2\/types\/page"}],"author":[{"embeddable":true,"href":"https:\/\/jardin-de-coubertin.fr\/es\/wp-json\/wp\/v2\/users\/1"}],"replies":[{"embeddable":true,"href":"https:\/\/jardin-de-coubertin.fr\/es\/wp-json\/wp\/v2\/comments?post=2479"}],"version-history":[{"count":1,"href":"https:\/\/jardin-de-coubertin.fr\/es\/wp-json\/wp\/v2\/pages\/2479\/revisions"}],"predecessor-version":[{"id":2482,"href":"https:\/\/jardin-de-coubertin.fr\/es\/wp-json\/wp\/v2\/pages\/2479\/revisions\/2482"}],"wp:attachment":[{"href":"https:\/\/jardin-de-coubertin.fr\/es\/wp-json\/wp\/v2\/media?parent=2479"}],"curies":[{"name":"wp","href":"https:\/\/api.w.org\/{rel}","templated":true}]}}