{"id":2524,"date":"2019-06-12T07:44:45","date_gmt":"2019-06-12T05:44:45","guid":{"rendered":"https:\/\/jardin-de-coubertin.fr\/sobre-el-jardin-de-coubertin\/"},"modified":"2025-03-25T02:05:43","modified_gmt":"2025-03-25T01:05:43","slug":"sobre-el-jardin-de-coubertin","status":"publish","type":"page","link":"https:\/\/jardin-de-coubertin.fr\/es\/sobre-el-jardin-de-coubertin\/","title":{"rendered":"Sobre el \u00abJardin de Coubertin"},"content":{"rendered":"<div class=\"wp-block-getwid-section alignfull alignfull getwid-margin-top-none getwid-margin-bottom-none\"><div class=\"wp-block-getwid-section__wrapper getwid-padding-top-none getwid-padding-bottom-none getwid-padding-left-medium getwid-padding-right-medium getwid-padding-mobile-left-small getwid-padding-mobile-right-small\"><div class=\"wp-block-getwid-section__inner-wrapper\"><div class=\"wp-block-getwid-section__background-holder\"><div class=\"wp-block-getwid-section__background\"><\/div><div class=\"wp-block-getwid-section__foreground\"><\/div><\/div><div class=\"wp-block-getwid-section__content\"><div class=\"wp-block-getwid-section__inner-content\"><div class=\"wp-block-columns has-2-columns is-layout-flex wp-container-core-columns-is-layout-1 wp-block-columns-is-layout-flex\"><div class=\"wp-block-column is-layout-flow wp-block-column-is-layout-flow\"><div class=\"wp-block-getwid-advanced-heading is-style-style-1 has-custom-font-size\" style=\"font-size:12px;margin-bottom:0px\"><p class=\"wp-block-getwid-advanced-heading__content\" style=\"letter-spacing:0.1em\">ELEVANDO EL CONFORT AL M\u00c1XIMO NIVEL<\/p><\/div>\n\n<div class=\"wp-block-getwid-advanced-heading is-style-default\" style=\"margin-top:10px\"><h2 class=\"wp-block-getwid-advanced-heading__content\">Bienvenido al Jard\u00edn de Coubertin<\/h2><\/div><\/div>\n\n<div class=\"wp-block-column is-layout-flow wp-block-column-is-layout-flow\"><p>Es una peque\u00f1a y confortable casa de hu\u00e9spedes. Nuestro personal ofrece un atento servicio de alta calidad y est\u00e1 siempre dispuesto a ofrecer cualquier ayuda a los hu\u00e9spedes.<\/p>\n\n<p>La casa de hu\u00e9spedes est\u00e1 dispuesta principalmente en la planta baja, con las suites junior en el edificio principal y las habitaciones est\u00e1ndar en el edificio lateral. En la planta superior, tras subir las escaleras, encontrar\u00e1s nuestro \u00c1tico o Suite Superior, completamente privado y con un mont\u00f3n de caracter\u00edsticas asombrosas. Tambi\u00e9n hay un espl\u00e9ndido jard\u00edn, donde podr\u00e1s relajarte y sumergirte en la ma\u00f1ana pr\u00f3xima de un nuevo d\u00eda maravilloso en la atm\u00f3sfera de la vida cotidiana meditarr\u00e1nea Hay una sorprendente fusi\u00f3n de calma y tranquilidad en el jard\u00edn con el ajetreo y el ruido del exterior.<\/p><\/div><\/div><\/div><\/div><\/div><\/div><\/div><div class=\"wp-block-getwid-section alignfull alignfull getwid-margin-top-none getwid-margin-bottom-none\"><div class=\"wp-block-getwid-section__wrapper getwid-padding-top-normal getwid-padding-bottom-normal getwid-padding-left-medium getwid-padding-right-medium getwid-padding-mobile-left-small getwid-padding-mobile-right-small\"><div class=\"wp-block-getwid-section__inner-wrapper\"><div class=\"wp-block-getwid-section__background-holder\"><div class=\"wp-block-getwid-section__background\"><\/div><div class=\"wp-block-getwid-section__foreground\"><\/div><\/div><div class=\"wp-block-getwid-section__content\"><div class=\"wp-block-getwid-section__inner-content\"><div class=\"wp-block-columns has-2-columns is-layout-flex wp-container-core-columns-is-layout-2 wp-block-columns-is-layout-flex\"><div class=\"wp-block-column is-layout-flow wp-block-column-is-layout-flow\"><figure class=\"wp-block-image size-large\"><img loading=\"lazy\" decoding=\"async\" width=\"1024\" height=\"768\" src=\"https:\/\/jardin-de-coubertin.fr\/wp-content\/uploads\/2019\/06\/palmier-garden-1024x768.jpg\" alt=\"Jardin Coubertin palmier\" class=\"wp-image-1481\" srcset=\"https:\/\/jardin-de-coubertin.fr\/wp-content\/uploads\/2019\/06\/palmier-garden-1024x768.jpg 1024w, https:\/\/jardin-de-coubertin.fr\/wp-content\/uploads\/2019\/06\/palmier-garden-300x225.jpg 300w, https:\/\/jardin-de-coubertin.fr\/wp-content\/uploads\/2019\/06\/palmier-garden-768x576.jpg 768w, https:\/\/jardin-de-coubertin.fr\/wp-content\/uploads\/2019\/06\/palmier-garden-1536x1152.jpg 1536w, https:\/\/jardin-de-coubertin.fr\/wp-content\/uploads\/2019\/06\/palmier-garden-2048x1536.jpg 2048w, https:\/\/jardin-de-coubertin.fr\/wp-content\/uploads\/2019\/06\/palmier-garden-1170x878.jpg 1170w, https:\/\/jardin-de-coubertin.fr\/wp-content\/uploads\/2019\/06\/palmier-garden-600x450.jpg 600w\" sizes=\"auto, (max-width: 1024px) 100vw, 1024px\" \/><\/figure><\/div>\n\n<div class=\"wp-block-column is-layout-flow wp-block-column-is-layout-flow\"><figure class=\"wp-block-image size-large\"><img loading=\"lazy\" decoding=\"async\" width=\"1024\" height=\"768\" src=\"https:\/\/jardin-de-coubertin.fr\/wp-content\/uploads\/2023\/08\/IMG_20230807_160658-1024x768.jpg\" alt=\"\" class=\"wp-image-1271\" srcset=\"https:\/\/jardin-de-coubertin.fr\/wp-content\/uploads\/2023\/08\/IMG_20230807_160658-1024x768.jpg 1024w, https:\/\/jardin-de-coubertin.fr\/wp-content\/uploads\/2023\/08\/IMG_20230807_160658-300x225.jpg 300w, https:\/\/jardin-de-coubertin.fr\/wp-content\/uploads\/2023\/08\/IMG_20230807_160658-768x576.jpg 768w, https:\/\/jardin-de-coubertin.fr\/wp-content\/uploads\/2023\/08\/IMG_20230807_160658-1536x1152.jpg 1536w, https:\/\/jardin-de-coubertin.fr\/wp-content\/uploads\/2023\/08\/IMG_20230807_160658-2048x1536.jpg 2048w, https:\/\/jardin-de-coubertin.fr\/wp-content\/uploads\/2023\/08\/IMG_20230807_160658-1170x878.jpg 1170w, https:\/\/jardin-de-coubertin.fr\/wp-content\/uploads\/2023\/08\/IMG_20230807_160658-600x450.jpg 600w\" sizes=\"auto, (max-width: 1024px) 100vw, 1024px\" \/><\/figure><\/div><\/div><\/div><\/div><\/div><\/div><\/div><div class=\"wp-block-getwid-section alignfull alignfull getwid-margin-top-none getwid-margin-bottom-none\"><div class=\"wp-block-getwid-section__wrapper getwid-padding-top-none getwid-padding-bottom-none getwid-padding-left-medium getwid-padding-right-medium getwid-padding-mobile-left-small getwid-padding-mobile-right-small\"><div class=\"wp-block-getwid-section__inner-wrapper\"><div class=\"wp-block-getwid-section__background-holder\"><div class=\"wp-block-getwid-section__background\"><\/div><div class=\"wp-block-getwid-section__foreground\"><\/div><\/div><div class=\"wp-block-getwid-section__content\"><div class=\"wp-block-getwid-section__inner-content\"><div class=\"wp-block-columns has-2-columns is-layout-flex wp-container-core-columns-is-layout-3 wp-block-columns-is-layout-flex\"><div class=\"wp-block-column is-layout-flow wp-block-column-is-layout-flow\"><div class=\"wp-block-getwid-advanced-heading is-style-style-1 has-custom-font-size\" style=\"font-size:12px;margin-bottom:0px\"><p class=\"wp-block-getwid-advanced-heading__content\" style=\"letter-spacing:0.1em\">DESCUBRE EL ENCANTO  <\/p><\/div>\n\n<div class=\"wp-block-getwid-advanced-heading is-style-default\" style=\"margin-top:10px\"><h2 class=\"wp-block-getwid-advanced-heading__content\">Habitaciones y amplias suites<\/h2><\/div><\/div>\n\n<div class=\"wp-block-column is-layout-flow wp-block-column-is-layout-flow\"><p>Los apartamentos est\u00e1n dispuestos en el edificio principal, mientras que las habitaciones est\u00e1ndar est\u00e1n en el edificio lateral. En la \u00faltima planta tambi\u00e9n hay un encantador \u00e1tico desde el que podr\u00e1s disfrutar de las maravillosas vistas. Una taza de t\u00e9 o caf\u00e9, un libro favorito sobre la mesa mientras te sientas a cielo abierto en el jard\u00edn: esto es todo lo que necesitas para relajarte y sentir las deliciosas emociones de tus vacaciones.  <\/p><\/div><\/div><\/div><\/div><\/div><\/div><\/div><div class=\"wp-block-getwid-section alignfull alignfull getwid-margin-top-none getwid-margin-bottom-none\"><div class=\"wp-block-getwid-section__wrapper getwid-padding-top-normal getwid-padding-bottom-normal getwid-padding-left-medium getwid-padding-right-medium getwid-padding-mobile-left-small getwid-padding-mobile-right-small\"><div class=\"wp-block-getwid-section__inner-wrapper\"><div class=\"wp-block-getwid-section__background-holder\"><div class=\"wp-block-getwid-section__background\"><\/div><div class=\"wp-block-getwid-section__foreground\"><\/div><\/div><div class=\"wp-block-getwid-section__content\"><div class=\"wp-block-getwid-section__inner-content\"><div class=\"wp-block-columns has-2-columns is-layout-flex wp-container-core-columns-is-layout-4 wp-block-columns-is-layout-flex\"><div class=\"wp-block-column is-layout-flow wp-block-column-is-layout-flow\"><div class=\"wp-block-getwid-images-stack is-layout-zeta\"><div class=\"wp-block-getwid-images-stack__wrapper\"><div class=\"wp-block-getwid-images-stack__chunk\"><div class=\"wp-block-getwid-images-stack__media-wrapper\"><div class=\"wp-block-getwid-images-stack__media-inner-wrapper\"><img loading=\"lazy\" decoding=\"async\" width=\"2560\" height=\"1920\" class=\"wp-block-getwid-images-stack__media wp-image-1128\" src=\"https:\/\/jardin-de-coubertin.fr\/wp-content\/uploads\/2023\/08\/IMG_20220505_102934-scaled.jpg\" data-id=\"1128\" data-link=\"https:\/\/jardin-de-coubertin.fr\/home\/img_20220505_102934\/\" srcset=\"https:\/\/jardin-de-coubertin.fr\/wp-content\/uploads\/2023\/08\/IMG_20220505_102934-scaled.jpg 2560w, https:\/\/jardin-de-coubertin.fr\/wp-content\/uploads\/2023\/08\/IMG_20220505_102934-300x225.jpg 300w, https:\/\/jardin-de-coubertin.fr\/wp-content\/uploads\/2023\/08\/IMG_20220505_102934-1024x768.jpg 1024w, https:\/\/jardin-de-coubertin.fr\/wp-content\/uploads\/2023\/08\/IMG_20220505_102934-768x576.jpg 768w, https:\/\/jardin-de-coubertin.fr\/wp-content\/uploads\/2023\/08\/IMG_20220505_102934-1536x1152.jpg 1536w, https:\/\/jardin-de-coubertin.fr\/wp-content\/uploads\/2023\/08\/IMG_20220505_102934-2048x1536.jpg 2048w, https:\/\/jardin-de-coubertin.fr\/wp-content\/uploads\/2023\/08\/IMG_20220505_102934-1170x878.jpg 1170w, https:\/\/jardin-de-coubertin.fr\/wp-content\/uploads\/2023\/08\/IMG_20220505_102934-600x450.jpg 600w\" sizes=\"auto, (max-width: 2560px) 100vw, 2560px\" \/><\/div><\/div><div class=\"wp-block-getwid-images-stack__media-wrapper\"><div class=\"wp-block-getwid-images-stack__media-inner-wrapper\"><img loading=\"lazy\" decoding=\"async\" width=\"2560\" height=\"1920\" class=\"wp-block-getwid-images-stack__media wp-image-1488\" src=\"https:\/\/jardin-de-coubertin.fr\/wp-content\/uploads\/2019\/06\/velux-cabrio-ouvert.jpg\" alt=\"Jardin Coubertin velux cabrio\" data-id=\"1488\" data-link=\"https:\/\/jardin-de-coubertin.fr\/accommodation\/loft-penthouse\/velux-cabrio-ouvert\/\" srcset=\"https:\/\/jardin-de-coubertin.fr\/wp-content\/uploads\/2019\/06\/velux-cabrio-ouvert.jpg 2560w, https:\/\/jardin-de-coubertin.fr\/wp-content\/uploads\/2019\/06\/velux-cabrio-ouvert-300x225.jpg 300w, https:\/\/jardin-de-coubertin.fr\/wp-content\/uploads\/2019\/06\/velux-cabrio-ouvert-1024x768.jpg 1024w, https:\/\/jardin-de-coubertin.fr\/wp-content\/uploads\/2019\/06\/velux-cabrio-ouvert-768x576.jpg 768w, https:\/\/jardin-de-coubertin.fr\/wp-content\/uploads\/2019\/06\/velux-cabrio-ouvert-1536x1152.jpg 1536w, https:\/\/jardin-de-coubertin.fr\/wp-content\/uploads\/2019\/06\/velux-cabrio-ouvert-2048x1536.jpg 2048w, https:\/\/jardin-de-coubertin.fr\/wp-content\/uploads\/2019\/06\/velux-cabrio-ouvert-1170x878.jpg 1170w, https:\/\/jardin-de-coubertin.fr\/wp-content\/uploads\/2019\/06\/velux-cabrio-ouvert-600x450.jpg 600w\" sizes=\"auto, (max-width: 2560px) 100vw, 2560px\" \/><\/div><\/div><div class=\"wp-block-getwid-images-stack__media-wrapper\"><div class=\"wp-block-getwid-images-stack__media-inner-wrapper\"><img loading=\"lazy\" decoding=\"async\" width=\"1920\" height=\"2560\" class=\"wp-block-getwid-images-stack__media wp-image-1489\" src=\"https:\/\/jardin-de-coubertin.fr\/wp-content\/uploads\/2019\/06\/loft-garden-view.jpg\" alt=\"Jardin Coubertin vista al jard\u00edn\" data-id=\"1489\" data-link=\"https:\/\/jardin-de-coubertin.fr\/accommodation\/loft-penthouse\/loft-garden-view\/\" srcset=\"https:\/\/jardin-de-coubertin.fr\/wp-content\/uploads\/2019\/06\/loft-garden-view.jpg 1920w, https:\/\/jardin-de-coubertin.fr\/wp-content\/uploads\/2019\/06\/loft-garden-view-225x300.jpg 225w, https:\/\/jardin-de-coubertin.fr\/wp-content\/uploads\/2019\/06\/loft-garden-view-768x1024.jpg 768w, https:\/\/jardin-de-coubertin.fr\/wp-content\/uploads\/2019\/06\/loft-garden-view-1152x1536.jpg 1152w, https:\/\/jardin-de-coubertin.fr\/wp-content\/uploads\/2019\/06\/loft-garden-view-1536x2048.jpg 1536w, https:\/\/jardin-de-coubertin.fr\/wp-content\/uploads\/2019\/06\/loft-garden-view-1170x1560.jpg 1170w, https:\/\/jardin-de-coubertin.fr\/wp-content\/uploads\/2019\/06\/loft-garden-view-600x800.jpg 600w\" sizes=\"auto, (max-width: 1920px) 100vw, 1920px\" \/><\/div><\/div><\/div><\/div><\/div><\/div>\n\n<div class=\"wp-block-column is-layout-flow wp-block-column-is-layout-flow\"><div class=\"wp-block-getwid-images-stack\"><div class=\"wp-block-getwid-images-stack__wrapper\"><div class=\"wp-block-getwid-images-stack__chunk\"><div class=\"wp-block-getwid-images-stack__media-wrapper\"><div class=\"wp-block-getwid-images-stack__media-inner-wrapper\"><img loading=\"lazy\" decoding=\"async\" width=\"1920\" height=\"2560\" class=\"wp-block-getwid-images-stack__media wp-image-1266\" src=\"https:\/\/jardin-de-coubertin.fr\/wp-content\/uploads\/2023\/08\/jardin-coubertin-coin.jpg\" alt=\"Moneda de mesa Jardin Coubertin\" data-id=\"1266\" data-link=\"https:\/\/jardin-de-coubertin.fr\/jardin-coubertin-coin\/\" srcset=\"https:\/\/jardin-de-coubertin.fr\/wp-content\/uploads\/2023\/08\/jardin-coubertin-coin.jpg 1920w, https:\/\/jardin-de-coubertin.fr\/wp-content\/uploads\/2023\/08\/jardin-coubertin-coin-225x300.jpg 225w, https:\/\/jardin-de-coubertin.fr\/wp-content\/uploads\/2023\/08\/jardin-coubertin-coin-768x1024.jpg 768w, https:\/\/jardin-de-coubertin.fr\/wp-content\/uploads\/2023\/08\/jardin-coubertin-coin-1152x1536.jpg 1152w, https:\/\/jardin-de-coubertin.fr\/wp-content\/uploads\/2023\/08\/jardin-coubertin-coin-1536x2048.jpg 1536w, https:\/\/jardin-de-coubertin.fr\/wp-content\/uploads\/2023\/08\/jardin-coubertin-coin-1170x1560.jpg 1170w, https:\/\/jardin-de-coubertin.fr\/wp-content\/uploads\/2023\/08\/jardin-coubertin-coin-600x800.jpg 600w\" sizes=\"auto, (max-width: 1920px) 100vw, 1920px\" \/><\/div><\/div><div class=\"wp-block-getwid-images-stack__media-wrapper\"><div class=\"wp-block-getwid-images-stack__media-inner-wrapper\"><img loading=\"lazy\" decoding=\"async\" width=\"2560\" height=\"1920\" class=\"wp-block-getwid-images-stack__media wp-image-1762\" src=\"https:\/\/jardin-de-coubertin.fr\/wp-content\/uploads\/2024\/12\/jardin-coubetin-main-night-scaled.jpg\" data-id=\"1762\" data-link=\"https:\/\/jardin-de-coubertin.fr\/home\/welcome\/jardin-coubetin-main-night\/\" srcset=\"https:\/\/jardin-de-coubertin.fr\/wp-content\/uploads\/2024\/12\/jardin-coubetin-main-night-scaled.jpg 2560w, https:\/\/jardin-de-coubertin.fr\/wp-content\/uploads\/2024\/12\/jardin-coubetin-main-night-300x225.jpg 300w, https:\/\/jardin-de-coubertin.fr\/wp-content\/uploads\/2024\/12\/jardin-coubetin-main-night-1024x768.jpg 1024w, https:\/\/jardin-de-coubertin.fr\/wp-content\/uploads\/2024\/12\/jardin-coubetin-main-night-768x576.jpg 768w, https:\/\/jardin-de-coubertin.fr\/wp-content\/uploads\/2024\/12\/jardin-coubetin-main-night-1536x1152.jpg 1536w, https:\/\/jardin-de-coubertin.fr\/wp-content\/uploads\/2024\/12\/jardin-coubetin-main-night-2048x1536.jpg 2048w, https:\/\/jardin-de-coubertin.fr\/wp-content\/uploads\/2024\/12\/jardin-coubetin-main-night-1170x878.jpg 1170w, https:\/\/jardin-de-coubertin.fr\/wp-content\/uploads\/2024\/12\/jardin-coubetin-main-night-600x450.jpg 600w\" sizes=\"auto, (max-width: 2560px) 100vw, 2560px\" \/><\/div><\/div><div class=\"wp-block-getwid-images-stack__media-wrapper\"><div class=\"wp-block-getwid-images-stack__media-inner-wrapper\"><img loading=\"lazy\" decoding=\"async\" width=\"1920\" height=\"2560\" class=\"wp-block-getwid-images-stack__media wp-image-1490\" src=\"https:\/\/jardin-de-coubertin.fr\/wp-content\/uploads\/2019\/06\/annex-passerelle.jpg\" alt=\"Jard\u00edn Coubertin anexo pasarela\" data-id=\"1490\" data-link=\"https:\/\/jardin-de-coubertin.fr\/accommodation\/loft-penthouse\/annex-passerelle\/\" srcset=\"https:\/\/jardin-de-coubertin.fr\/wp-content\/uploads\/2019\/06\/annex-passerelle.jpg 1920w, https:\/\/jardin-de-coubertin.fr\/wp-content\/uploads\/2019\/06\/annex-passerelle-225x300.jpg 225w, https:\/\/jardin-de-coubertin.fr\/wp-content\/uploads\/2019\/06\/annex-passerelle-768x1024.jpg 768w, https:\/\/jardin-de-coubertin.fr\/wp-content\/uploads\/2019\/06\/annex-passerelle-1152x1536.jpg 1152w, https:\/\/jardin-de-coubertin.fr\/wp-content\/uploads\/2019\/06\/annex-passerelle-1536x2048.jpg 1536w, https:\/\/jardin-de-coubertin.fr\/wp-content\/uploads\/2019\/06\/annex-passerelle-1170x1560.jpg 1170w, https:\/\/jardin-de-coubertin.fr\/wp-content\/uploads\/2019\/06\/annex-passerelle-600x800.jpg 600w\" sizes=\"auto, (max-width: 1920px) 100vw, 1920px\" \/><\/div><\/div><\/div><\/div><\/div><\/div><\/div><\/div><\/div><\/div><\/div><\/div><div class=\"wp-block-getwid-section alignfull alignfull getwid-margin-top-none getwid-margin-bottom-none\"><div class=\"wp-block-getwid-section__wrapper getwid-padding-top-none getwid-padding-bottom-none getwid-padding-left-medium getwid-padding-right-medium getwid-padding-mobile-left-small getwid-padding-mobile-right-small\"><div class=\"wp-block-getwid-section__inner-wrapper\"><div class=\"wp-block-getwid-section__background-holder\"><div class=\"wp-block-getwid-section__background\"><\/div><div class=\"wp-block-getwid-section__foreground\"><\/div><\/div><div class=\"wp-block-getwid-section__content\"><div class=\"wp-block-getwid-section__inner-content\"><div class=\"wp-block-columns has-2-columns is-layout-flex wp-container-core-columns-is-layout-5 wp-block-columns-is-layout-flex\"><div class=\"wp-block-column is-layout-flow wp-block-column-is-layout-flow\"><div class=\"wp-block-getwid-advanced-heading is-style-style-1 has-custom-font-size\" style=\"font-size:12px;margin-bottom:0px\"><p class=\"wp-block-getwid-advanced-heading__content\" style=\"text-transform:uppercase;letter-spacing:0.1em\">Un rico patrimonio antes de Beziers  <\/p><\/div>\n\n<div class=\"wp-block-getwid-advanced-heading is-style-default\" style=\"margin-top:10px\"><h2 class=\"wp-block-getwid-advanced-heading__content\">Historia del Jard\u00edn de Coubertin<\/h2><\/div>\n\n<div class=\"wp-block-getwid-section\"><div class=\"wp-block-getwid-section__wrapper\"><div class=\"wp-block-getwid-section__inner-wrapper\"><div class=\"wp-block-getwid-section__background-holder\"><div class=\"wp-block-getwid-section__background\"><\/div><div class=\"wp-block-getwid-section__foreground\"><\/div><\/div><div class=\"wp-block-getwid-section__content\"><div class=\"wp-block-getwid-section__inner-content\"><p class=\"has-grey-color has-text-color\">La historia <em>del Jard\u00edn de Coubertin no empez\u00f3 hasta 2020, cuando la propiedad fue comprada por los Koehler con el abicioso proyecto de convertir la antigua mansi\u00f3n en una casa de hu\u00e9spedes&#8230;. <\/em> <\/p>\n\n<p><a href=\"#\">Seguir leyendo  <\/a><\/p><\/div><\/div><\/div><\/div><\/div><\/div>\n\n<div class=\"wp-block-column is-layout-flow wp-block-column-is-layout-flow\"><p>Todav\u00eda estamos investigando cu\u00e1ndo se construy\u00f3 la casa y si los alrededores fueron una vez una gran granja o un almac\u00e9n comercial.<\/p>\n\n<p>El bar\u00f3n Pierre de Coubertin, nacido en 1863, fue historiador y pedagogo franc\u00e9s. Fue responsable de la implantaci\u00f3n del deporte en las escuelas de Francia. Tambi\u00e9n fue el fundador del comit\u00e9 ol\u00edmpico internacional.<\/p>\n\n<p>El nombre de la calle y el hermoso jard\u00edn nos inspiraron para llamar a nuestra casa de hu\u00e9spedes \u00abJard\u00edn de Coubertin\u00bb &#8230;<\/p><\/div><\/div>\n\n<div style=\"height:75px\" aria-hidden=\"true\" class=\"wp-block-spacer\"><\/div><\/div><\/div><\/div><\/div><\/div>","protected":false},"excerpt":{"rendered":"<p>El Hotel Luviana es la elecci\u00f3n adecuada para los visitantes que buscan una combinaci\u00f3n de encanto, paz, tranquilidad y una posici\u00f3n conveniente desde la que explorar los alrededores.<\/p>\n","protected":false},"author":1,"featured_media":1868,"parent":0,"menu_order":0,"comment_status":"closed","ping_status":"closed","template":"","meta":{"footnotes":""},"class_list":["post-2524","page","type-page","status-publish","has-post-thumbnail","hentry"],"_links":{"self":[{"href":"https:\/\/jardin-de-coubertin.fr\/es\/wp-json\/wp\/v2\/pages\/2524","targetHints":{"allow":["GET"]}}],"collection":[{"href":"https:\/\/jardin-de-coubertin.fr\/es\/wp-json\/wp\/v2\/pages"}],"about":[{"href":"https:\/\/jardin-de-coubertin.fr\/es\/wp-json\/wp\/v2\/types\/page"}],"author":[{"embeddable":true,"href":"https:\/\/jardin-de-coubertin.fr\/es\/wp-json\/wp\/v2\/users\/1"}],"replies":[{"embeddable":true,"href":"https:\/\/jardin-de-coubertin.fr\/es\/wp-json\/wp\/v2\/comments?post=2524"}],"version-history":[{"count":2,"href":"https:\/\/jardin-de-coubertin.fr\/es\/wp-json\/wp\/v2\/pages\/2524\/revisions"}],"predecessor-version":[{"id":2665,"href":"https:\/\/jardin-de-coubertin.fr\/es\/wp-json\/wp\/v2\/pages\/2524\/revisions\/2665"}],"wp:featuredmedia":[{"embeddable":true,"href":"https:\/\/jardin-de-coubertin.fr\/es\/wp-json\/wp\/v2\/media\/1868"}],"wp:attachment":[{"href":"https:\/\/jardin-de-coubertin.fr\/es\/wp-json\/wp\/v2\/media?parent=2524"}],"curies":[{"name":"wp","href":"https:\/\/api.w.org\/{rel}","templated":true}]}}