{"id":2408,"date":"2019-06-11T09:53:36","date_gmt":"2019-06-11T07:53:36","guid":{"rendered":"https:\/\/jardin-de-coubertin.fr\/cuisine-et-repas\/"},"modified":"2024-12-26T08:00:18","modified_gmt":"2024-12-26T07:00:18","slug":"cuisine-et-repas","status":"publish","type":"page","link":"https:\/\/jardin-de-coubertin.fr\/fr\/accueil\/cuisine-et-repas\/","title":{"rendered":"Cuisine et repas"},"content":{"rendered":"<p>Dans votre cuisine enti\u00e8rement \u00e9quip\u00e9e, vous pouvez pr\u00e9parer vous-m\u00eame les plats les plus exquis, les plus d\u00e9licieux et les plus app\u00e9tissants. Pour cuisiner en plein air, vous pouvez utiliser le barbecue \u00e0 gaz, facile \u00e0 utiliser. Profitez du temps sans faire la cuisine&#8230; prenez la meilleure pizza de B\u00e9ziers avec un service de livraison ou d\u00eenez simplement au restaurant dans le centre ville&#8230; .  <\/p><!--more--><div class=\"wp-block-getwid-section alignfull alignfull has-inner-blocks-gap-none\"><div class=\"wp-block-getwid-section__wrapper getwid-padding-top-medium getwid-padding-bottom-none getwid-padding-left-medium getwid-padding-right-medium getwid-padding-mobile-left-small getwid-padding-mobile-right-small\"><div class=\"wp-block-getwid-section__inner-wrapper\"><div class=\"wp-block-getwid-section__background-holder\"><div class=\"wp-block-getwid-section__background\"><\/div><div class=\"wp-block-getwid-section__foreground\"><\/div><\/div><div class=\"wp-block-getwid-section__content\"><div class=\"wp-block-getwid-section__inner-content\"><div class=\"wp-block-getwid-image-box has-image-left has-text-left has-mobile-layout-column has-mobile-alignment-default\"><div style=\"margin-right:90px\" class=\"wp-block-getwid-image-box__image-container is-position-middle\"><div class=\"wp-block-getwid-image-box__image-wrapper\"><img loading=\"lazy\" decoding=\"async\" width=\"1920\" height=\"2560\" src=\"https:\/\/jardin-de-coubertin.fr\/wp-content\/uploads\/2019\/06\/appartement-cuisine.jpg\" alt=\"\" class=\"wp-block-getwid-image-box__image wp-image-1471\" srcset=\"https:\/\/jardin-de-coubertin.fr\/wp-content\/uploads\/2019\/06\/appartement-cuisine.jpg 1920w, https:\/\/jardin-de-coubertin.fr\/wp-content\/uploads\/2019\/06\/appartement-cuisine-225x300.jpg 225w, https:\/\/jardin-de-coubertin.fr\/wp-content\/uploads\/2019\/06\/appartement-cuisine-768x1024.jpg 768w, https:\/\/jardin-de-coubertin.fr\/wp-content\/uploads\/2019\/06\/appartement-cuisine-1152x1536.jpg 1152w, https:\/\/jardin-de-coubertin.fr\/wp-content\/uploads\/2019\/06\/appartement-cuisine-1536x2048.jpg 1536w, https:\/\/jardin-de-coubertin.fr\/wp-content\/uploads\/2019\/06\/appartement-cuisine-1170x1560.jpg 1170w, https:\/\/jardin-de-coubertin.fr\/wp-content\/uploads\/2019\/06\/appartement-cuisine-600x800.jpg 600w\" sizes=\"auto, (max-width: 1920px) 100vw, 1920px\" \/><\/div><\/div><div class=\"wp-block-getwid-image-box__content\"><div class=\"wp-block-getwid-advanced-heading\" style=\"margin-bottom:30px\"><h2 class=\"wp-block-getwid-advanced-heading__content\">Autocuisson<br><br><\/h2><\/div>\n\n<p>Notre cuisine est enti\u00e8rement \u00e9quip\u00e9e d&rsquo;une machine \u00e0 caf\u00e9 ordinaire et d&rsquo;une Senseo. Four \u00e0 gaz \u00e0 quatre flammes, lave-vaisselle, micro-ondes et lave-vaisselle. M\u00eame un gril \u00e0 raclette que vous avez \u00e0 disposition.<\/p>\n\n<p>Pour vos provisions, vous trouverez un supermarch\u00e9 Lidl \u00e0 3 minutes de route.<\/p>\n\n<div style=\"height:20px\" aria-hidden=\"true\" class=\"wp-block-spacer\"><\/div>\n\n<div class=\"wp-block-button is-style-link\"><a class=\"wp-block-button__link wp-element-button\" href=\"#\">Lire la suite<\/a><\/div><\/div><\/div>\n\n<div class=\"wp-block-getwid-image-box has-image-right has-text-left has-mobile-layout-column has-mobile-alignment-default\"><div style=\"margin-left:90px\" class=\"wp-block-getwid-image-box__image-container is-position-middle\"><div class=\"wp-block-getwid-image-box__image-wrapper\"><img loading=\"lazy\" decoding=\"async\" width=\"2560\" height=\"1920\" src=\"https:\/\/jardin-de-coubertin.fr\/wp-content\/uploads\/2019\/06\/logo-metal.jpg\" alt=\"Jardin Coubertin logo metal\" class=\"wp-block-getwid-image-box__image wp-image-1485\" srcset=\"https:\/\/jardin-de-coubertin.fr\/wp-content\/uploads\/2019\/06\/logo-metal.jpg 2560w, https:\/\/jardin-de-coubertin.fr\/wp-content\/uploads\/2019\/06\/logo-metal-300x225.jpg 300w, https:\/\/jardin-de-coubertin.fr\/wp-content\/uploads\/2019\/06\/logo-metal-1024x768.jpg 1024w, https:\/\/jardin-de-coubertin.fr\/wp-content\/uploads\/2019\/06\/logo-metal-768x576.jpg 768w, https:\/\/jardin-de-coubertin.fr\/wp-content\/uploads\/2019\/06\/logo-metal-1536x1152.jpg 1536w, https:\/\/jardin-de-coubertin.fr\/wp-content\/uploads\/2019\/06\/logo-metal-2048x1536.jpg 2048w, https:\/\/jardin-de-coubertin.fr\/wp-content\/uploads\/2019\/06\/logo-metal-1170x878.jpg 1170w, https:\/\/jardin-de-coubertin.fr\/wp-content\/uploads\/2019\/06\/logo-metal-600x450.jpg 600w\" sizes=\"auto, (max-width: 2560px) 100vw, 2560px\" \/><\/div><\/div><div class=\"wp-block-getwid-image-box__content\"><div class=\"wp-block-getwid-advanced-heading\" style=\"margin-bottom:30px\"><h2 class=\"wp-block-getwid-advanced-heading__content\">Barbecue<br><br><\/h2><\/div>\n\n<p>Pour votre confort, nous avons choisi un barbecue au gaz. Facile et silencieux \u00e0 utiliser et pas de risque de propagation d&rsquo;incendie pendant les mois secs de l&rsquo;\u00e9t\u00e9.<\/p>\n\n<div style=\"height:20px\" aria-hidden=\"true\" class=\"wp-block-spacer\"><\/div>\n\n<div class=\"wp-block-button is-style-link\"><a class=\"wp-block-button__link wp-element-button\" href=\"#\">Lire la suite<\/a><\/div><\/div><\/div>\n\n<div class=\"wp-block-getwid-image-box has-image-left has-text-left has-mobile-layout-column has-mobile-alignment-default\"><div style=\"margin-right:90px\" class=\"wp-block-getwid-image-box__image-container is-position-middle\"><div class=\"wp-block-getwid-image-box__image-wrapper\"><img decoding=\"async\" src=\"https:\/\/themes.getmotopress.com\/luviana\/wp-content\/uploads\/sites\/27\/2019\/07\/japanise-kitchen-1024x1024.jpg\" alt=\"\" class=\"wp-block-getwid-image-box__image wp-image-587\"\/><\/div><\/div><div class=\"wp-block-getwid-image-box__content\"><div class=\"wp-block-getwid-advanced-heading\" style=\"margin-bottom:30px\"><h2 class=\"wp-block-getwid-advanced-heading__content\">Service de livraison<\/h2><\/div>\n\n<p>Nous avons choisi le meilleur service de pizza de B\u00e9ziers. Normalement, en moins de 30 minutes, vous avez un bon repas italien.<\/p>\n\n<p>Uper eats est \u00e9galement disponible&#8230;<\/p>\n\n<div style=\"height:20px\" aria-hidden=\"true\" class=\"wp-block-spacer\"><\/div>\n\n<div class=\"wp-block-button is-style-link\"><a class=\"wp-block-button__link wp-element-button\" href=\"#\">Lire la suite<\/a><\/div><\/div><\/div>\n\n<div class=\"wp-block-getwid-image-box has-image-right has-text-left has-mobile-layout-column has-mobile-alignment-default\"><div style=\"margin-left:90px\" class=\"wp-block-getwid-image-box__image-container is-position-middle\"><div class=\"wp-block-getwid-image-box__image-wrapper\"><img decoding=\"async\" src=\"https:\/\/themes.getmotopress.com\/luviana\/wp-content\/uploads\/sites\/27\/2019\/07\/indian-kitchen-1024x1024.jpg\" alt=\"\" class=\"wp-block-getwid-image-box__image wp-image-589\"\/><\/div><\/div><div class=\"wp-block-getwid-image-box__content\"><div class=\"wp-block-getwid-advanced-heading\" style=\"margin-bottom:30px\"><h2 class=\"wp-block-getwid-advanced-heading__content\">Restaurant<br><br><\/h2><\/div>\n\n<p>En 20 minutes, vous \u00eates au centre de la ville \u00e0 pied. En voiture, c&rsquo;est beaucoup plus rapide.<\/p>\n\n<p>Vous y trouverez une s\u00e9lection compl\u00e8te de restaurants de qualit\u00e9.<\/p>\n\n<div style=\"height:20px\" aria-hidden=\"true\" class=\"wp-block-spacer\"><\/div>\n\n<div class=\"wp-block-button is-style-link\"><a class=\"wp-block-button__link wp-element-button\" href=\"#\">Lire la suite<\/a><\/div><\/div><\/div><\/div><\/div><\/div><\/div><\/div>","protected":false},"excerpt":{"rendered":"<p>Laissez-vous tenter par le restaurant et le bar Luviana. Demandez ce que vous voulez et nos chefs professionnels cuisineront pour vous. Savourez votre repas en profitant de la vue magnifique qu&rsquo;offre la terrasse du restaurant.<\/p>\n","protected":false},"author":1,"featured_media":2019,"parent":2432,"menu_order":0,"comment_status":"closed","ping_status":"closed","template":"","meta":{"footnotes":""},"class_list":["post-2408","page","type-page","status-publish","has-post-thumbnail","hentry"],"_links":{"self":[{"href":"https:\/\/jardin-de-coubertin.fr\/fr\/wp-json\/wp\/v2\/pages\/2408","targetHints":{"allow":["GET"]}}],"collection":[{"href":"https:\/\/jardin-de-coubertin.fr\/fr\/wp-json\/wp\/v2\/pages"}],"about":[{"href":"https:\/\/jardin-de-coubertin.fr\/fr\/wp-json\/wp\/v2\/types\/page"}],"author":[{"embeddable":true,"href":"https:\/\/jardin-de-coubertin.fr\/fr\/wp-json\/wp\/v2\/users\/1"}],"replies":[{"embeddable":true,"href":"https:\/\/jardin-de-coubertin.fr\/fr\/wp-json\/wp\/v2\/comments?post=2408"}],"version-history":[{"count":1,"href":"https:\/\/jardin-de-coubertin.fr\/fr\/wp-json\/wp\/v2\/pages\/2408\/revisions"}],"predecessor-version":[{"id":2409,"href":"https:\/\/jardin-de-coubertin.fr\/fr\/wp-json\/wp\/v2\/pages\/2408\/revisions\/2409"}],"up":[{"embeddable":true,"href":"https:\/\/jardin-de-coubertin.fr\/fr\/wp-json\/wp\/v2\/pages\/2432"}],"wp:featuredmedia":[{"embeddable":true,"href":"https:\/\/jardin-de-coubertin.fr\/fr\/wp-json\/wp\/v2\/media\/2019"}],"wp:attachment":[{"href":"https:\/\/jardin-de-coubertin.fr\/fr\/wp-json\/wp\/v2\/media?parent=2408"}],"curies":[{"name":"wp","href":"https:\/\/api.w.org\/{rel}","templated":true}]}}