{"id":2420,"date":"2019-06-11T09:50:44","date_gmt":"2019-06-11T07:50:44","guid":{"rendered":"https:\/\/jardin-de-coubertin.fr\/salut-bonjour-hola\/"},"modified":"2024-12-26T08:00:21","modified_gmt":"2024-12-26T07:00:21","slug":"salut-bonjour-hola","status":"publish","type":"page","link":"https:\/\/jardin-de-coubertin.fr\/fr\/accueil\/salut-bonjour-hola\/","title":{"rendered":"Salut. Bonjour. Hola"},"content":{"rendered":"<p>Notre maison d&rsquo;h\u00f4tes reste \u00e9l\u00e9gante et moderne, dans un style \u00e0 la fois naturel et industriel. Nous vous aidons \u00e0 rendre vos voyages inoubliables gr\u00e2ce \u00e0 notre merveilleux jardin et \u00e0 notre hospitalit\u00e9 authentique.<\/p><!--more--><div class=\"wp-block-getwid-section alignfull alignfull getwid-margin-top-none getwid-margin-bottom-none\"><div class=\"wp-block-getwid-section__wrapper getwid-padding-top-medium getwid-padding-bottom-none getwid-padding-left-medium getwid-padding-right-medium getwid-padding-mobile-left-small getwid-padding-mobile-right-small\"><div class=\"wp-block-getwid-section__inner-wrapper\"><div class=\"wp-block-getwid-section__background-holder\"><div class=\"wp-block-getwid-section__background\"><\/div><div class=\"wp-block-getwid-section__foreground\"><\/div><\/div><div class=\"wp-block-getwid-section__content\"><div class=\"wp-block-getwid-section__inner-content\"><div class=\"wp-block-columns has-2-columns is-layout-flex wp-container-core-columns-is-layout-1 wp-block-columns-is-layout-flex\"><div class=\"wp-block-column is-layout-flow wp-block-column-is-layout-flow\"><div class=\"wp-block-getwid-advanced-heading is-style-style-1 has-custom-font-size\" style=\"font-size:12px;margin-bottom:20px\"><p class=\"wp-block-getwid-advanced-heading__content\" style=\"letter-spacing:1px\">PORTER LE CONFORT AU PLUS HAUT NIVEAU<\/p><\/div>\n\n<div class=\"wp-block-getwid-advanced-heading is-style-default\"><h2 class=\"wp-block-getwid-advanced-heading__content\">Bienvenue au Jardin de Coubertin<\/h2><\/div><\/div>\n\n<div class=\"wp-block-column is-layout-flow wp-block-column-is-layout-flow\"><p>La maison d&rsquo;h\u00f4tes dispose d&rsquo;un grand jardin o\u00f9 vous pouvez vous asseoir \u00e0 l&rsquo;ombre des vieux arbres ou profiter du soleil sur notre grand transat. Vous disposez de diff\u00e9rents coins salon, o\u00f9 vous pouvez vous d\u00e9tendre et vous immerger dans la matin\u00e9e \u00e0 venir d&rsquo;une nouvelle journ\u00e9e merveilleuse dans l&rsquo;atmosph\u00e8re de la vie quotidienne m\u00e9diterran\u00e9enne. A quelques pas, en passant par le pont vieux r\u00e9cemment r\u00e9nov\u00e9, il vous faudra 20 minutes \u00e0 pied pour arriver dans le centre historique de la ville par le passage sous la cath\u00e9drale. Une fois au sommet, vous avez une vue magnifique sur le bas B\u00e9ziers et la rivi\u00e8re Orb. L&rsquo;all\u00e9e Paul Riquet vous invite \u00e0 vous asseoir sous les immenses platanes et \u00e0 profiter du climat m\u00e9diterran\u00e9en au milieu de la plus vieille ville de France.<\/p><\/div><\/div>\n\n<div style=\"height:50px\" aria-hidden=\"true\" class=\"wp-block-spacer\"><\/div>\n\n<div class=\"wp-block-columns has-2-columns is-layout-flex wp-container-core-columns-is-layout-2 wp-block-columns-is-layout-flex\"><div class=\"wp-block-column is-layout-flow wp-block-column-is-layout-flow\"><figure class=\"wp-block-image size-large\"><img loading=\"lazy\" decoding=\"async\" width=\"1024\" height=\"768\" src=\"https:\/\/jardin-de-coubertin.fr\/wp-content\/uploads\/2023\/08\/IMG_20220505_103456-1024x768.jpg\" alt=\"\" class=\"wp-image-1145\" srcset=\"https:\/\/jardin-de-coubertin.fr\/wp-content\/uploads\/2023\/08\/IMG_20220505_103456-1024x768.jpg 1024w, https:\/\/jardin-de-coubertin.fr\/wp-content\/uploads\/2023\/08\/IMG_20220505_103456-300x225.jpg 300w, https:\/\/jardin-de-coubertin.fr\/wp-content\/uploads\/2023\/08\/IMG_20220505_103456-768x576.jpg 768w, https:\/\/jardin-de-coubertin.fr\/wp-content\/uploads\/2023\/08\/IMG_20220505_103456-1536x1152.jpg 1536w, https:\/\/jardin-de-coubertin.fr\/wp-content\/uploads\/2023\/08\/IMG_20220505_103456-2048x1536.jpg 2048w, https:\/\/jardin-de-coubertin.fr\/wp-content\/uploads\/2023\/08\/IMG_20220505_103456-1170x878.jpg 1170w, https:\/\/jardin-de-coubertin.fr\/wp-content\/uploads\/2023\/08\/IMG_20220505_103456-600x450.jpg 600w\" sizes=\"auto, (max-width: 1024px) 100vw, 1024px\" \/><\/figure><\/div>\n\n<div class=\"wp-block-column is-layout-flow wp-block-column-is-layout-flow\"><figure class=\"wp-block-image size-large\"><img loading=\"lazy\" decoding=\"async\" width=\"1024\" height=\"768\" src=\"https:\/\/jardin-de-coubertin.fr\/wp-content\/uploads\/2019\/06\/velux-cabrio-ouvert-1024x768.jpg\" alt=\"Jardin Coubertin velux cabrio\" class=\"wp-image-1488\" srcset=\"https:\/\/jardin-de-coubertin.fr\/wp-content\/uploads\/2019\/06\/velux-cabrio-ouvert-1024x768.jpg 1024w, https:\/\/jardin-de-coubertin.fr\/wp-content\/uploads\/2019\/06\/velux-cabrio-ouvert-300x225.jpg 300w, https:\/\/jardin-de-coubertin.fr\/wp-content\/uploads\/2019\/06\/velux-cabrio-ouvert-768x576.jpg 768w, https:\/\/jardin-de-coubertin.fr\/wp-content\/uploads\/2019\/06\/velux-cabrio-ouvert-1536x1152.jpg 1536w, https:\/\/jardin-de-coubertin.fr\/wp-content\/uploads\/2019\/06\/velux-cabrio-ouvert-2048x1536.jpg 2048w, https:\/\/jardin-de-coubertin.fr\/wp-content\/uploads\/2019\/06\/velux-cabrio-ouvert-1170x878.jpg 1170w, https:\/\/jardin-de-coubertin.fr\/wp-content\/uploads\/2019\/06\/velux-cabrio-ouvert-600x450.jpg 600w\" sizes=\"auto, (max-width: 1024px) 100vw, 1024px\" \/><\/figure><\/div><\/div><\/div><\/div><\/div><\/div><\/div>","protected":false},"excerpt":{"rendered":"<p>Notre maison d&rsquo;h\u00f4tes est le bon choix pour les visiteurs qui recherchent une combinaison de charme, de paix, de tranquillit\u00e9 et une position pratique pour explorer les environs.<\/p>\n","protected":false},"author":1,"featured_media":2214,"parent":2432,"menu_order":0,"comment_status":"closed","ping_status":"closed","template":"","meta":{"footnotes":""},"class_list":["post-2420","page","type-page","status-publish","has-post-thumbnail","hentry"],"_links":{"self":[{"href":"https:\/\/jardin-de-coubertin.fr\/fr\/wp-json\/wp\/v2\/pages\/2420","targetHints":{"allow":["GET"]}}],"collection":[{"href":"https:\/\/jardin-de-coubertin.fr\/fr\/wp-json\/wp\/v2\/pages"}],"about":[{"href":"https:\/\/jardin-de-coubertin.fr\/fr\/wp-json\/wp\/v2\/types\/page"}],"author":[{"embeddable":true,"href":"https:\/\/jardin-de-coubertin.fr\/fr\/wp-json\/wp\/v2\/users\/1"}],"replies":[{"embeddable":true,"href":"https:\/\/jardin-de-coubertin.fr\/fr\/wp-json\/wp\/v2\/comments?post=2420"}],"version-history":[{"count":1,"href":"https:\/\/jardin-de-coubertin.fr\/fr\/wp-json\/wp\/v2\/pages\/2420\/revisions"}],"predecessor-version":[{"id":2423,"href":"https:\/\/jardin-de-coubertin.fr\/fr\/wp-json\/wp\/v2\/pages\/2420\/revisions\/2423"}],"up":[{"embeddable":true,"href":"https:\/\/jardin-de-coubertin.fr\/fr\/wp-json\/wp\/v2\/pages\/2432"}],"wp:featuredmedia":[{"embeddable":true,"href":"https:\/\/jardin-de-coubertin.fr\/fr\/wp-json\/wp\/v2\/media\/2214"}],"wp:attachment":[{"href":"https:\/\/jardin-de-coubertin.fr\/fr\/wp-json\/wp\/v2\/media?parent=2420"}],"curies":[{"name":"wp","href":"https:\/\/api.w.org\/{rel}","templated":true}]}}