{"id":2448,"date":"2019-07-15T11:57:59","date_gmt":"2019-07-15T09:57:59","guid":{"rendered":"https:\/\/jardin-de-coubertin.fr\/bloc-de-temoignages\/"},"modified":"2024-12-26T08:02:25","modified_gmt":"2024-12-26T07:02:25","slug":"bloc-de-temoignages","status":"publish","type":"page","link":"https:\/\/jardin-de-coubertin.fr\/fr\/blocs\/bloc-de-temoignages\/","title":{"rendered":"Bloc de t\u00e9moignages"},"content":{"rendered":"<div class=\"wp-block-columns has-2-columns is-layout-flex wp-container-core-columns-is-layout-1 wp-block-columns-is-layout-flex\"><div class=\"wp-block-column is-layout-flow wp-block-column-is-layout-flow\"><div class=\"wp-block-getwid-testimonial has-image\"><div class=\"wp-block-getwid-testimonial__wrapper\"><div class=\"wp-block-getwid-testimonial__content-wrapper\"><p class=\"wp-block-getwid-testimonial__content\">Il n&rsquo;y a pas grand-chose \u00e0 redire sur les appartements.<br>Tout est parfait.<br>La climatisation fonctionne bien, la pression de la douche est bonne.<br>&#8230;l&rsquo;appartement a deux doubles fen\u00eatres donnant sur la route, ce qui vous permettra de dormir en silence&#8230;<br>Il y a un joli jardin avec quelques tables et un BBQ pour que vous puissiez cuisiner&#8230; Un endroit charmant.<\/p><\/div><div class=\"wp-block-getwid-testimonial__header\"><div class=\"wp-block-getwid-testimonial__image-wrapper\"><div class=\"wp-block-getwid-testimonial__image\"><img decoding=\"async\" src=\"https:\/\/jardin-de-coubertin.fr\/wp-content\/uploads\/2023\/08\/IMG_20230807_160453-150x150.jpg\" alt=\"\" class=\"wp-image-1285\"><\/div><\/div><div class=\"wp-block-getwid-testimonial__heading\"><span class=\"wp-block-getwid-testimonial__title\">Vitaljus via Booking.com<\/span><span class=\"wp-block-getwid-testimonial__subtitle\">lituanie <\/span> <\/div><\/div><\/div><\/div>\n\n<div class=\"wp-block-getwid-testimonial has-image\"><div class=\"wp-block-getwid-testimonial__wrapper\"><div class=\"wp-block-getwid-testimonial__content-wrapper\"><p class=\"wp-block-getwid-testimonial__content\">Positif&#8230; \u00e9quipements, propret\u00e9, situation graphique, accueil par l&rsquo;h\u00f4te. Rien de n\u00e9gatif \u00e0 dire.<\/p><\/div><div class=\"wp-block-getwid-testimonial__header\"><div class=\"wp-block-getwid-testimonial__image-wrapper\"><div class=\"wp-block-getwid-testimonial__image\"><img decoding=\"async\" src=\"https:\/\/jardin-de-coubertin.fr\/wp-content\/uploads\/2023\/08\/IMG_20230807_160421-150x150.jpg\" alt=\"\" class=\"wp-image-1287\"><\/div><\/div><div class=\"wp-block-getwid-testimonial__heading\"><span class=\"wp-block-getwid-testimonial__title\">cedric via booking<\/span><span class=\"wp-block-getwid-testimonial__subtitle\">France<\/span><\/div><\/div><\/div><\/div>\n\n<div class=\"wp-block-getwid-testimonial has-image\"><div class=\"wp-block-getwid-testimonial__wrapper\"><div class=\"wp-block-getwid-testimonial__content-wrapper\"><p class=\"wp-block-getwid-testimonial__content\">Nos h\u00f4tes ont \u00e9t\u00e9 tr\u00e8s accueillants et nous ont aid\u00e9s tout au long de notre s\u00e9jour. Nathalie parle tr\u00e8s bien anglais et \u00e9tait toujours disponible. Elle nous a permis de partir plus tard, ce qui \u00e9tait tr\u00e8s pratique pour nous.  <br>Le studio est d&rsquo;une propret\u00e9 irr\u00e9prochable et constitue un excellent point de d\u00e9part pour revenir chaque soir. Le jardin est un d\u00e9lice et nous avons ador\u00e9 y prendre nos repas.  <br>Cette partie de la France est tr\u00e8s int\u00e9ressante \u00e0 explorer et nous avons pass\u00e9 de tr\u00e8s bonnes vacances.<\/p><\/div><div class=\"wp-block-getwid-testimonial__header\"><div class=\"wp-block-getwid-testimonial__image-wrapper\"><div class=\"wp-block-getwid-testimonial__image\"><img decoding=\"async\" src=\"https:\/\/jardin-de-coubertin.fr\/wp-content\/uploads\/2023\/08\/IMG_20230807_160453-150x150.jpg\" alt=\"\" class=\"wp-image-1285\"><\/div><\/div><div class=\"wp-block-getwid-testimonial__heading\"><span class=\"wp-block-getwid-testimonial__title\">robert via booking<\/span><span class=\"wp-block-getwid-testimonial__subtitle\">Grande-Bretagne<\/span><\/div><\/div><\/div><\/div>\n\n<div class=\"wp-block-getwid-testimonial has-image\"><div class=\"wp-block-getwid-testimonial__wrapper\"><div class=\"wp-block-getwid-testimonial__content-wrapper\"><p class=\"wp-block-getwid-testimonial__content\">Tout \u00e9tait parfait, appartement efficace et fonctionnel, bien \u00e9quip\u00e9, r\u00e9cent, confortable et propre. Tr\u00e8s beau jardin pour manger \u00e0 l&rsquo;ext\u00e9rieur ou simplement pour profiter. H\u00f4te tr\u00e8s serviable. Un grand plus pour la propret\u00e9. Plage \u00e0 15\/20 minutes en voiture.<\/p><\/div><div class=\"wp-block-getwid-testimonial__header\"><div class=\"wp-block-getwid-testimonial__image-wrapper\"><div class=\"wp-block-getwid-testimonial__image\"><img decoding=\"async\" src=\"https:\/\/jardin-de-coubertin.fr\/wp-content\/uploads\/2023\/08\/IMG_20230810_131541-150x150.jpg\" alt=\"\" class=\"wp-image-1421\"><\/div><\/div><div class=\"wp-block-getwid-testimonial__heading\"><span class=\"wp-block-getwid-testimonial__title\">emmanuelle via booking <\/span><span class=\"wp-block-getwid-testimonial__subtitle\">France<\/span><\/div><\/div><\/div><\/div><\/div>\n\n<div class=\"wp-block-column is-layout-flow wp-block-column-is-layout-flow\"><div class=\"wp-block-getwid-testimonial has-image\"><div class=\"wp-block-getwid-testimonial__wrapper\"><div class=\"wp-block-getwid-testimonial__content-wrapper\"><p class=\"wp-block-getwid-testimonial__content\">Jochen a fait tout ce qu&rsquo;il pouvait et bien plus que ce qu&rsquo;il devait pour rendre mon s\u00e9jour agr\u00e9able, notamment en m&rsquo;aidant \u00e0 obtenir une r\u00e9servation dans un restaurant tr\u00e8s exclusif et en m&rsquo;aidant \u00e0 planifier mon voyage de retour \u00e0 l&rsquo;a\u00e9roport. Il a \u00e9galement tenu compte de mon arriv\u00e9e tardive et s&rsquo;est d\u00e9plac\u00e9 \u00e0 v\u00e9lo pour s&rsquo;assurer que je ne me perdais pas.  <br>Un homme charmant qui se pr\u00e9occupe vraiment de ses clients. D\u00e8s le d\u00e9but, la communication est amicale, les r\u00e9ponses sont rapides et utiles. Je le recommande \u00e0 100 %.<br>Bravo \u00e0 un h\u00f4te fantastique.<\/p><\/div><div class=\"wp-block-getwid-testimonial__header\"><div class=\"wp-block-getwid-testimonial__image-wrapper\"><div class=\"wp-block-getwid-testimonial__image\"><img decoding=\"async\" src=\"https:\/\/jardin-de-coubertin.fr\/wp-content\/uploads\/2023\/08\/IMG_20230807_160453-150x150.jpg\" alt=\"\" class=\"wp-image-1285\"><\/div><\/div><div class=\"wp-block-getwid-testimonial__heading\"><span class=\"wp-block-getwid-testimonial__title\">Andy.P via booking<\/span><span class=\"wp-block-getwid-testimonial__subtitle\">Grande Bretagne<\/span><\/div><\/div><\/div><\/div>\n\n<div class=\"wp-block-getwid-testimonial has-image\"><div class=\"wp-block-getwid-testimonial__wrapper\"><div class=\"wp-block-getwid-testimonial__content-wrapper\"><p class=\"wp-block-getwid-testimonial__content\">Chambre luxueuse avec cuisine et salle de bains. Avec jardin \u00e0 l&rsquo;avant. Nous pouvions garer notre voiture juste \u00e0 l&rsquo;ext\u00e9rieur, dans la rue. A quelques minutes du centre.<br>Accueil chaleureux par le propri\u00e9taire.<\/p><\/div><div class=\"wp-block-getwid-testimonial__header\"><div class=\"wp-block-getwid-testimonial__image-wrapper\"><div class=\"wp-block-getwid-testimonial__image\"><img decoding=\"async\" src=\"https:\/\/jardin-de-coubertin.fr\/wp-content\/uploads\/2023\/08\/IMG_20230807_160503-150x150.jpg\" alt=\"\" class=\"wp-image-1284\"><\/div><\/div><div class=\"wp-block-getwid-testimonial__heading\"><span class=\"wp-block-getwid-testimonial__title\">Esther via r\u00e9servation<\/span><span class=\"wp-block-getwid-testimonial__subtitle\">Neederlands<\/span><\/div><\/div><\/div><\/div>\n\n<div class=\"wp-block-getwid-testimonial has-image\"><div class=\"wp-block-getwid-testimonial__wrapper\"><div class=\"wp-block-getwid-testimonial__content-wrapper\"><p class=\"wp-block-getwid-testimonial__content\">H\u00f4te tr\u00e8s gentil et sympathique, studio bien \u00e9quip\u00e9 et propre. Excellent week-end, merci pour tout<\/p><\/div><div class=\"wp-block-getwid-testimonial__header\"><div class=\"wp-block-getwid-testimonial__image-wrapper\"><div class=\"wp-block-getwid-testimonial__image\"><img decoding=\"async\" src=\"https:\/\/jardin-de-coubertin.fr\/wp-content\/uploads\/2023\/08\/IMG_20230810_131534-150x150.jpg\" alt=\"\" class=\"wp-image-1420\"><\/div><\/div><div class=\"wp-block-getwid-testimonial__heading\"><span class=\"wp-block-getwid-testimonial__title\">Amine via booking<\/span><span class=\"wp-block-getwid-testimonial__subtitle\">France<\/span><\/div><\/div><\/div><\/div><\/div><\/div>","protected":false},"excerpt":{"rendered":"","protected":false},"author":1,"featured_media":0,"parent":2471,"menu_order":0,"comment_status":"closed","ping_status":"closed","template":"","meta":{"footnotes":""},"class_list":["post-2448","page","type-page","status-publish","hentry"],"_links":{"self":[{"href":"https:\/\/jardin-de-coubertin.fr\/fr\/wp-json\/wp\/v2\/pages\/2448","targetHints":{"allow":["GET"]}}],"collection":[{"href":"https:\/\/jardin-de-coubertin.fr\/fr\/wp-json\/wp\/v2\/pages"}],"about":[{"href":"https:\/\/jardin-de-coubertin.fr\/fr\/wp-json\/wp\/v2\/types\/page"}],"author":[{"embeddable":true,"href":"https:\/\/jardin-de-coubertin.fr\/fr\/wp-json\/wp\/v2\/users\/1"}],"replies":[{"embeddable":true,"href":"https:\/\/jardin-de-coubertin.fr\/fr\/wp-json\/wp\/v2\/comments?post=2448"}],"version-history":[{"count":1,"href":"https:\/\/jardin-de-coubertin.fr\/fr\/wp-json\/wp\/v2\/pages\/2448\/revisions"}],"predecessor-version":[{"id":2450,"href":"https:\/\/jardin-de-coubertin.fr\/fr\/wp-json\/wp\/v2\/pages\/2448\/revisions\/2450"}],"up":[{"embeddable":true,"href":"https:\/\/jardin-de-coubertin.fr\/fr\/wp-json\/wp\/v2\/pages\/2471"}],"wp:attachment":[{"href":"https:\/\/jardin-de-coubertin.fr\/fr\/wp-json\/wp\/v2\/media?parent=2448"}],"curies":[{"name":"wp","href":"https:\/\/api.w.org\/{rel}","templated":true}]}}