{"id":2459,"date":"2019-07-15T11:54:24","date_gmt":"2019-07-15T09:54:24","guid":{"rendered":"https:\/\/jardin-de-coubertin.fr\/a-propos-du-chalet-beziers\/"},"modified":"2024-12-27T09:52:23","modified_gmt":"2024-12-27T08:52:23","slug":"a-propos-du-chalet-beziers","status":"publish","type":"page","link":"https:\/\/jardin-de-coubertin.fr\/fr\/a-propos-du-chalet-beziers\/","title":{"rendered":"A propos du \u00ab\u00a0Chalet Beziers\u00a0\u00bb"},"content":{"rendered":"<p><\/p><p>Il s&rsquo;agit d&rsquo;une maison en bois confortable. Notre personnel offre un service attentif de haute qualit\u00e9 et est toujours pr\u00eat \u00e0 offrir son aide aux clients.<\/p><p>Le \u00ab\u00a0chalet\u00a0\u00bb dispose d&rsquo;un jardin priv\u00e9 o\u00f9 vous pouvez vous asseoir sous un vieil arbre akazia et profiter de l&rsquo;ombre par une journ\u00e9e ensoleill\u00e9e. Vous disposez d&rsquo;un coin salon, o\u00f9 vous pouvez vous d\u00e9tendre et vous immerger dans le matin \u00e0 venir d&rsquo;une nouvelle journ\u00e9e merveilleuse dans l&rsquo;atmosph\u00e8re de la vie quotidienne m\u00e9diterran\u00e9enne. A quelques pas de l\u00e0, en passant par le pont vieux r\u00e9cemment r\u00e9nov\u00e9, vous \u00eates en 20min dans le centre historique de la ville par le passage sous la cath\u00e9drale. Une fois au sommet, vous avez une vue magnifique sur le bas B\u00e9ziers et la rivi\u00e8re Orb. L&rsquo;all\u00e9e Paul Riquet vous invite \u00e0 vous asseoir sous les immenses platanes et \u00e0 profiter du climat m\u00e9diterran\u00e9en au milieu de la plus vieille ville de France.<\/p><figure class=\"wp-block-image size-large\"><a href=\"https:\/\/chalet-beziers.fr\"><img loading=\"lazy\" decoding=\"async\" width=\"1024\" height=\"769\" src=\"https:\/\/jardin-de-coubertin.fr\/wp-content\/uploads\/2023\/08\/chalet-beziers-cour-long-1024x769.jpg\" alt=\"\" class=\"wp-image-1427\" srcset=\"https:\/\/jardin-de-coubertin.fr\/wp-content\/uploads\/2023\/08\/chalet-beziers-cour-long-1024x769.jpg 1024w, https:\/\/jardin-de-coubertin.fr\/wp-content\/uploads\/2023\/08\/chalet-beziers-cour-long-300x225.jpg 300w, https:\/\/jardin-de-coubertin.fr\/wp-content\/uploads\/2023\/08\/chalet-beziers-cour-long-768x577.jpg 768w, https:\/\/jardin-de-coubertin.fr\/wp-content\/uploads\/2023\/08\/chalet-beziers-cour-long-1536x1154.jpg 1536w, https:\/\/jardin-de-coubertin.fr\/wp-content\/uploads\/2023\/08\/chalet-beziers-cour-long-2048x1538.jpg 2048w, https:\/\/jardin-de-coubertin.fr\/wp-content\/uploads\/2023\/08\/chalet-beziers-cour-long-1170x879.jpg 1170w, https:\/\/jardin-de-coubertin.fr\/wp-content\/uploads\/2023\/08\/chalet-beziers-cour-long-600x451.jpg 600w\" sizes=\"auto, (max-width: 1024px) 100vw, 1024px\" \/><\/a><\/figure><h5 class=\"wp-block-heading\">Le \u00ab\u00a0Chalet<\/h5><p>Autour de la maison, vous disposez d&rsquo;un espace priv\u00e9 et d&rsquo;un parking gratuit devant la maison.<\/p><figure class=\"wp-block-image size-large\"><a href=\"https:\/\/chalet-beziers.fr\"><img loading=\"lazy\" decoding=\"async\" width=\"1024\" height=\"769\" src=\"https:\/\/jardin-de-coubertin.fr\/wp-content\/uploads\/2023\/08\/chalet-beziers-jardin-arbre-1024x769.jpg\" alt=\"\" class=\"wp-image-1430\" srcset=\"https:\/\/jardin-de-coubertin.fr\/wp-content\/uploads\/2023\/08\/chalet-beziers-jardin-arbre-1024x769.jpg 1024w, https:\/\/jardin-de-coubertin.fr\/wp-content\/uploads\/2023\/08\/chalet-beziers-jardin-arbre-300x225.jpg 300w, https:\/\/jardin-de-coubertin.fr\/wp-content\/uploads\/2023\/08\/chalet-beziers-jardin-arbre-768x577.jpg 768w, https:\/\/jardin-de-coubertin.fr\/wp-content\/uploads\/2023\/08\/chalet-beziers-jardin-arbre-1536x1154.jpg 1536w, https:\/\/jardin-de-coubertin.fr\/wp-content\/uploads\/2023\/08\/chalet-beziers-jardin-arbre-2048x1538.jpg 2048w, https:\/\/jardin-de-coubertin.fr\/wp-content\/uploads\/2023\/08\/chalet-beziers-jardin-arbre-1170x879.jpg 1170w, https:\/\/jardin-de-coubertin.fr\/wp-content\/uploads\/2023\/08\/chalet-beziers-jardin-arbre-600x451.jpg 600w\" sizes=\"auto, (max-width: 1024px) 100vw, 1024px\" \/><\/a><\/figure><h5 class=\"wp-block-heading\">Votre jardin priv\u00e9<\/h5><p>Magnifique&#8230; avec de nombreuses possibilit\u00e9s de s&rsquo;asseoir au soleil ou \u00e0 l&rsquo;ombre ou de faire un barbecue.<\/p><figure class=\"wp-block-image size-large\"><img loading=\"lazy\" decoding=\"async\" width=\"1024\" height=\"768\" src=\"https:\/\/jardin-de-coubertin.fr\/wp-content\/uploads\/2024\/12\/chalet-beziers-lounge-cuisine-1024x768.jpg\" alt=\"\" class=\"wp-image-2552\" srcset=\"https:\/\/jardin-de-coubertin.fr\/wp-content\/uploads\/2024\/12\/chalet-beziers-lounge-cuisine-1024x768.jpg 1024w, https:\/\/jardin-de-coubertin.fr\/wp-content\/uploads\/2024\/12\/chalet-beziers-lounge-cuisine-300x225.jpg 300w, https:\/\/jardin-de-coubertin.fr\/wp-content\/uploads\/2024\/12\/chalet-beziers-lounge-cuisine-768x576.jpg 768w, https:\/\/jardin-de-coubertin.fr\/wp-content\/uploads\/2024\/12\/chalet-beziers-lounge-cuisine-1536x1152.jpg 1536w, https:\/\/jardin-de-coubertin.fr\/wp-content\/uploads\/2024\/12\/chalet-beziers-lounge-cuisine-2048x1536.jpg 2048w, https:\/\/jardin-de-coubertin.fr\/wp-content\/uploads\/2024\/12\/chalet-beziers-lounge-cuisine-1170x878.jpg 1170w, https:\/\/jardin-de-coubertin.fr\/wp-content\/uploads\/2024\/12\/chalet-beziers-lounge-cuisine-600x450.jpg 600w\" sizes=\"auto, (max-width: 1024px) 100vw, 1024px\" \/><\/figure><h5 class=\"wp-block-heading\">A l&rsquo;int\u00e9rieur du \u00ab\u00a0Chalet\u00a0\u00bb<\/h5><p>Salon spacieux avec cuisine, deux chambres \u00e0 coucher et salle de bains.<\/p><div style=\"height:50px\" aria-hidden=\"true\" class=\"wp-block-spacer\"><\/div>","protected":false},"excerpt":{"rendered":"<p>Il s&rsquo;agit d&rsquo;une maison en bois confortable. Notre personnel offre un service attentif de haute qualit\u00e9 et est toujours pr\u00eat \u00e0 offrir son aide aux clients. Le \u00ab\u00a0chalet\u00a0\u00bb dispose d&rsquo;un jardin priv\u00e9 o\u00f9 vous pouvez vous asseoir sous un vieil arbre akazia et profiter de l&rsquo;ombre par une journ\u00e9e ensoleill\u00e9e. Vous disposez d&rsquo;un coin salon, [&hellip;]<\/p>\n","protected":false},"author":1,"featured_media":0,"parent":0,"menu_order":0,"comment_status":"closed","ping_status":"closed","template":"","meta":{"footnotes":""},"class_list":["post-2459","page","type-page","status-publish","hentry"],"_links":{"self":[{"href":"https:\/\/jardin-de-coubertin.fr\/fr\/wp-json\/wp\/v2\/pages\/2459","targetHints":{"allow":["GET"]}}],"collection":[{"href":"https:\/\/jardin-de-coubertin.fr\/fr\/wp-json\/wp\/v2\/pages"}],"about":[{"href":"https:\/\/jardin-de-coubertin.fr\/fr\/wp-json\/wp\/v2\/types\/page"}],"author":[{"embeddable":true,"href":"https:\/\/jardin-de-coubertin.fr\/fr\/wp-json\/wp\/v2\/users\/1"}],"replies":[{"embeddable":true,"href":"https:\/\/jardin-de-coubertin.fr\/fr\/wp-json\/wp\/v2\/comments?post=2459"}],"version-history":[{"count":2,"href":"https:\/\/jardin-de-coubertin.fr\/fr\/wp-json\/wp\/v2\/pages\/2459\/revisions"}],"predecessor-version":[{"id":2556,"href":"https:\/\/jardin-de-coubertin.fr\/fr\/wp-json\/wp\/v2\/pages\/2459\/revisions\/2556"}],"wp:attachment":[{"href":"https:\/\/jardin-de-coubertin.fr\/fr\/wp-json\/wp\/v2\/media?parent=2459"}],"curies":[{"name":"wp","href":"https:\/\/api.w.org\/{rel}","templated":true}]}}