{"id":2475,"date":"2019-06-12T11:59:52","date_gmt":"2019-06-12T09:59:52","guid":{"rendered":"https:\/\/jardin-de-coubertin.fr\/conditions-generales-dutilisation\/"},"modified":"2024-12-26T08:02:42","modified_gmt":"2024-12-26T07:02:42","slug":"conditions-generales-dutilisation","status":"publish","type":"page","link":"https:\/\/jardin-de-coubertin.fr\/fr\/conditions-generales-dutilisation\/","title":{"rendered":"Conditions g\u00e9n\u00e9rales d&rsquo;utilisation"},"content":{"rendered":"<p>LE PRIX DE LA LOCATION<\/p><p>Inclus : daps et serviettes, l&rsquo;eau, l&rsquo;\u00e9lectricit\u00e9 et le gaz ainsi que la Wifi.<\/p><p>UTILISATION DES LIEUX<\/p><p>Le locataire fera bon usage de la location conform\u00e9ment \u00e0 la destination des lieux. A son d\u00e9part, le locataire s&rsquo;engage \u00e0 rendre le meuble aussi propre qu&rsquo;il l&rsquo;a trouv\u00e9 \u00e0 son arriv\u00e9e. La location ne peut en aucun cas b\u00e9n\u00e9ficier a des tiers, sauf accord pr\u00e9alable du propri\u00e9taire. Si le nombre de locataires d\u00e9passe la capacit\u00e9 d&rsquo;accueil indiqu\u00e9e sur l&rsquo;\u00e9tat descriptif, et sans accord pr\u00e9alable, le propri\u00e9taire se r\u00e9serve le droit de refuser les locataires suppl\u00e9mentaires ou de recevoir une majoration.<\/p><p>ANIMAUX<\/p><p>La pr\u00e9sence d&rsquo;animaux familiers, malgr\u00e9 le refus du propri\u00e9taire, entra\u00eenera la rupture imm\u00e9diate du pr\u00e9sent contrat.<\/p><p>CHARGES<\/p><p>Les frais de nettoyage sont en g\u00e9n\u00e9ral 25\u20ac par s\u00e9jour. Les autres charges sont incluses dans le prix de location.<\/p><p>TAXE DE SEJOUR<\/p><p>La taxe de s\u00e9jour est incluse dans le prix de la location.<\/p><p>ETAT DES LIEUX ET INVENTAIRE<\/p><p>L&rsquo;\u00e9tat des lieux et l&rsquo;inventaire du mobilier et des divers \u00e9quipements seront faits contradictoirement au d\u00e9but et \u00e0 la fin du s\u00e9jour par le propri\u00e9taire et le locataire.<\/p><p>D\u00c9P\u00d4T DE GARANTIE (CAUTION)<\/p><p>Le montant du d\u00e9p\u00f4t de garantie est d\u00e9termin\u00e9 par le propri\u00e9taire mais en g\u00e9n\u00e9ral pas charge. A votre arrive une copie de la carte d identite de toutes les personnes serais necessaire.  <\/p><p>PAIEMENT<\/p><p>La r\u00e9servation devient effective d\u00e8s lors que le locataire a pay\u00e9 le montant de la r\u00e9servation en entier ou enregistre une carte de cr\u00e9dit valable pour un charge eventuel du montant de la location. Le solde de la location doit etre regle si pas fait en avance le jour de l arriv\u00e9e en especes, carte de credit ou paypal(plus 3%). Si le locataire retarde son arriv\u00e9e, il doit en aviser au pr\u00e9alable le propri\u00e9taire et lui faire parvenir le solde du loyer pour la date de la location initialement pr\u00e9vue.<\/p><p>INTERRUPTION DU SEJOUR :<\/p><p>En cas d&rsquo;interruption anticip\u00e9e du s\u00e9jour par le locataire, et si la responsabilit\u00e9 du propri\u00e9taire n&rsquo;est pas mise en cause, il ne sera proc\u00e9d\u00e9 \u00e0 aucun remboursement, (hormis le d\u00e9p\u00f4t de garantie).<\/p><p>CONDITIONS D&rsquo;ANNULATION :<\/p><p>Toute annulation doit \u00eatre notifi\u00e9e par internet par la machine de r\u00e9servation ou par t\u00e9l\u00e9phone accompagn\u00e9e par \u00e9crit par voie postale ou e-mail. Si l annulation est possible depend les conditions d annulation mentionne sur votre confirmationde reservation. En cas d annulation reussi le montant deja paye est restitue en entiere ou partialement dependant les conditions d annulation.<\/p><p>Si le locataire ne s est pas pr\u00e9sent\u00e9 le jour mentionn\u00e9 sur le contrat avant 22:00 heures et sans avis notifi\u00e9 au propri\u00e9taire, le montant du pr\u00e9sent contrat est charge entierement et le propri\u00e9taire peut disposer de son meubl\u00e9. En cas d&rsquo;annulation de la location par le propri\u00e9taire ; ce dernier reversera au locataire le montant des arrhes qu&rsquo;il a per\u00e7u.<\/p><p>LITIGES OU R\u00c9CLAMATIONS<\/p><p>Il est conseill\u00e9 de commencer une tentative de r\u00e8glement amiable. A d\u00e9faut d accord entre le propri\u00e9taire et le locataire, tout litige pourra \u00eatre soumis aux tribunaux locaux.<\/p>","protected":false},"excerpt":{"rendered":"<p>LE PRIX DE LA LOCATION Inclus : daps et serviettes, l&rsquo;eau, l&rsquo;\u00e9lectricit\u00e9 et le gaz ainsi que la Wifi. UTILISATION DES LIEUX Le locataire fera bon usage de la location conform\u00e9ment \u00e0 la destination des lieux. A son d\u00e9part, le locataire s&rsquo;engage \u00e0 rendre le meuble aussi propre qu&rsquo;il l&rsquo;a trouv\u00e9 \u00e0 son arriv\u00e9e. La [&hellip;]<\/p>\n","protected":false},"author":1,"featured_media":0,"parent":0,"menu_order":0,"comment_status":"closed","ping_status":"closed","template":"","meta":{"footnotes":""},"class_list":["post-2475","page","type-page","status-publish","hentry"],"_links":{"self":[{"href":"https:\/\/jardin-de-coubertin.fr\/fr\/wp-json\/wp\/v2\/pages\/2475","targetHints":{"allow":["GET"]}}],"collection":[{"href":"https:\/\/jardin-de-coubertin.fr\/fr\/wp-json\/wp\/v2\/pages"}],"about":[{"href":"https:\/\/jardin-de-coubertin.fr\/fr\/wp-json\/wp\/v2\/types\/page"}],"author":[{"embeddable":true,"href":"https:\/\/jardin-de-coubertin.fr\/fr\/wp-json\/wp\/v2\/users\/1"}],"replies":[{"embeddable":true,"href":"https:\/\/jardin-de-coubertin.fr\/fr\/wp-json\/wp\/v2\/comments?post=2475"}],"version-history":[{"count":1,"href":"https:\/\/jardin-de-coubertin.fr\/fr\/wp-json\/wp\/v2\/pages\/2475\/revisions"}],"predecessor-version":[{"id":2478,"href":"https:\/\/jardin-de-coubertin.fr\/fr\/wp-json\/wp\/v2\/pages\/2475\/revisions\/2478"}],"wp:attachment":[{"href":"https:\/\/jardin-de-coubertin.fr\/fr\/wp-json\/wp\/v2\/media?parent=2475"}],"curies":[{"name":"wp","href":"https:\/\/api.w.org\/{rel}","templated":true}]}}